{"id":12127,"date":"2026-02-26T16:49:42","date_gmt":"2026-02-26T15:49:42","guid":{"rendered":"https:\/\/krasnesady.sk\/?post_type=product&#038;p=12127"},"modified":"2026-04-08T12:20:34","modified_gmt":"2026-04-08T10:20:34","slug":"11-27-31-jula-2026-cyklisticky-tabor","status":"publish","type":"product","link":"https:\/\/krasnesady.sk\/en\/produkt\/11-27-31-jula-2026-cyklisticky-tabor\/","title":{"rendered":"11) 27. \u2013 31. j\u00fala 2026\u202f Cyklistick\u00fd t\u00e1bor\u202f"},"content":{"rendered":"","protected":false},"excerpt":{"rendered":"<p>[vc_row conditional_render=&#8221;%5B%7B%22value_role%22%3A%22administrator%22%7D%5D&#8221;][vc_column][vc_column_text el_class=&#8221;taborinfo&#8221;]<i><b>VEK:<\/b> 7 &#8211; 12 rokov \/ <b>ZAMERANIE: <\/b><span class=\"TextRun Highlight SCXW249215261 BCX0\" lang=\"SK-SK\" xml:lang=\"SK-SK\" data-contrast=\"none\"><span class=\"NormalTextRun SCXW249215261 BCX0\" data-ccp-charstyle=\"normaltextrun\" data-ccp-charstyle-defn=\"{&quot;ObjectId&quot;:&quot;ac0262f4-8a9e-5820-b908-2d943c5f7113|1&quot;,&quot;ClassId&quot;:1073872969,&quot;Properties&quot;:[201342446,&quot;1&quot;,201342447,&quot;5&quot;,201342448,&quot;1&quot;,201342449,&quot;1&quot;,469777841,&quot;Aptos&quot;,469777842,&quot;&quot;,469777843,&quot;Aptos&quot;,469777844,&quot;Aptos&quot;,201341986,&quot;1&quot;,469769226,&quot;Aptos&quot;,268442635,&quot;24&quot;,469775450,&quot;normaltextrun&quot;,201340122,&quot;1&quot;,134233614,&quot;true&quot;,469778129,&quot;normaltextrun&quot;,335572020,&quot;1&quot;,469778324,&quot;Default Paragraph Font&quot;]}\">\u0161portov\u00e9, pr\u00edrodn\u00e9, relaxa\u010dn\u00e9<\/span><\/span>\/ <b> KAPACITA:<\/b> 15 <\/i>[\/vc_column_text][\/vc_column][\/vc_row][vc_row wrap_container=&#8221;yes&#8221; conditional_render=&#8221;%5B%7B%22value_role%22%3A%22administrator%22%7D%5D&#8221;][vc_column][vc_column_text]<\/p>\n<div class=\"x_elementToProof\" data-ogsc=\"rgb(0, 0, 0)\" data-olk-copy-source=\"MessageBody\">\n<p><span data-contrast=\"none\">Letn\u00fd t\u00e1bor pre deti pln\u00fd pohybu, radosti a vedomej regener\u00e1cie.\u202fPo\u010das piatich dn\u00ed budeme systematicky rozv\u00edja\u0165 techniku jazdy, koordin\u00e1ciu, stabilitu a istotu na bicykli. Deti sa nau\u010dia bezpe\u010dne pohybova\u0165 v skupine,\u202fosvoja\u202fsi z\u00e1kladn\u00e9 pravidl\u00e1 a z\u00edskaj\u00fa v\u00e4\u010d\u0161iu samostatnos\u0165 pri jazde.<\/span><span data-contrast=\"none\">\u202f<\/span><span data-ccp-props=\"{&quot;201341983&quot;:0,&quot;335559739&quot;:0,&quot;335559740&quot;:240}\">\u00a0<\/span><\/p>\n<p><span data-contrast=\"none\">S\u00fa\u010das\u0165ou programu s\u00fa spolo\u010dn\u00e9 v\u00fdjazdy do pr\u00edrody, kde bud\u00fa deti rozv\u00edja\u0165 vytrvalos\u0165, orient\u00e1ciu aj t\u00edmov\u00fa spolupr\u00e1cu. Ka\u017ed\u00fd de\u0148 dopln\u00edme jogou, stre\u010dingom a vedomou regener\u00e1ciou, aby sa nau\u010dili vn\u00edma\u0165 svoje telo a spr\u00e1vne oddychova\u0165 po v\u00fdkone.<\/span><span data-contrast=\"none\">\u202f<\/span><span data-contrast=\"none\">Program obohatia intuit\u00edvne pohybov\u00e9 hry, ktor\u00e9 rozv\u00edjaj\u00fa vn\u00edmanie tela, prirodzen\u00fa koordin\u00e1ciu, re\u0161pekt a zdrav\u00e9 sebavedomie.\u202f<\/span><span data-ccp-props=\"{&quot;201341983&quot;:0,&quot;335559739&quot;:0,&quot;335559740&quot;:240}\">\u00a0<\/span><\/p>\n<p><span data-contrast=\"none\">T\u00e1bor\u00a0poved\u00fa sk\u00fasen\u00ed lektori,\u00a0ktor\u00ed prep\u00e1jaj\u00fa \u0161portov\u00fd v\u00fdkon s vedom\u00fdm pr\u00edstupom k telu:\u00a0Jozef\u00a0Gemza,\u202ftr\u00e9ner cyklistiky pre ml\u00e1de\u017e, majster Slovenska v cestnej cyklistike\u00a0a\u202fdobrovo\u013en\u00fd horsk\u00fd\u00a0z\u00e1chran\u00e1r a\u202fHani\u202fGemza, u\u010dite\u013eka jogy, terapeutka thajskej jogovej mas\u00e1\u017ee\u00a0a\u00a0tr\u00e9nerka cyklistiky pre ml\u00e1de\u017e.<\/span><span data-ccp-props=\"{&quot;201341983&quot;:0,&quot;335559739&quot;:0,&quot;335559740&quot;:240}\">\u00a0<\/span><\/p>\n<p><span data-contrast=\"none\">Deti si do t\u00e1bora potrebuj\u00fa donies\u0165 vlastn\u00e9 horsk\u00e9 bicykle, na ktor\u00fdch bud\u00fa jazdi\u0165.<\/span><span data-ccp-props=\"{&quot;201341983&quot;:0,&quot;335559739&quot;:0,&quot;335559740&quot;:240}\">\u00a0<\/span><\/p>\n<p>Vek: <span class=\"TextRun Highlight SCXW44573294 BCX0\" lang=\"SK-SK\" xml:lang=\"SK-SK\" data-contrast=\"none\"><span class=\"NormalTextRun SCXW44573294 BCX0\" data-ccp-charstyle=\"normaltextrun\" data-ccp-charstyle-defn=\"{&quot;ObjectId&quot;:&quot;ac0262f4-8a9e-5820-b908-2d943c5f7113|1&quot;,&quot;ClassId&quot;:1073872969,&quot;Properties&quot;:[201342446,&quot;1&quot;,201342447,&quot;5&quot;,201342448,&quot;1&quot;,201342449,&quot;1&quot;,469777841,&quot;Aptos&quot;,469777842,&quot;&quot;,469777843,&quot;Aptos&quot;,469777844,&quot;Aptos&quot;,201341986,&quot;1&quot;,469769226,&quot;Aptos&quot;,268442635,&quot;24&quot;,469775450,&quot;normaltextrun&quot;,201340122,&quot;1&quot;,134233614,&quot;true&quot;,469778129,&quot;normaltextrun&quot;,335572020,&quot;1&quot;,469778324,&quot;Default Paragraph Font&quot;]}\">7\u202f- 12\u202frokov\u202f(7-ro\u010dn\u00e9 deti sa m\u00f4\u017eu z\u00fa\u010dastni\u0165 v pr\u00edpade, \u017ee u\u017e samostatne a bezpe\u010dne jazdia na horskom bicykli)<\/span><\/span><span class=\"TextRun SCXW44573294 BCX0\" lang=\"SK-SK\" xml:lang=\"SK-SK\" data-contrast=\"none\"><span class=\"NormalTextRun SCXW44573294 BCX0\" data-ccp-charstyle=\"eop\" data-ccp-charstyle-defn=\"{&quot;ObjectId&quot;:&quot;920dbcde-2834-5e15-a5fa-062170b236ba|1&quot;,&quot;ClassId&quot;:1073872969,&quot;Properties&quot;:[201342446,&quot;1&quot;,201342447,&quot;5&quot;,201342448,&quot;1&quot;,201342449,&quot;1&quot;,469777841,&quot;Aptos&quot;,469777842,&quot;&quot;,469777843,&quot;Aptos&quot;,469777844,&quot;Aptos&quot;,201341986,&quot;1&quot;,469769226,&quot;Aptos&quot;,268442635,&quot;24&quot;,469775450,&quot;eop&quot;,201340122,&quot;1&quot;,134233614,&quot;true&quot;,469778129,&quot;eop&quot;,335572020,&quot;1&quot;,469778324,&quot;Default Paragraph Font&quot;]}\">\u202f<\/span><\/span><\/p>\n<\/div>\n<p><span style=\"font-weight: 400;\">\u010cas: 8.00 &#8211; 16.00 h<br \/>\n<\/span>Zameranie: <span class=\"TextRun Highlight SCXW148033052 BCX0\" lang=\"SK-SK\" xml:lang=\"SK-SK\" data-contrast=\"none\"><span class=\"NormalTextRun SCXW148033052 BCX0\" data-ccp-charstyle=\"normaltextrun\" data-ccp-charstyle-defn=\"{&quot;ObjectId&quot;:&quot;ac0262f4-8a9e-5820-b908-2d943c5f7113|1&quot;,&quot;ClassId&quot;:1073872969,&quot;Properties&quot;:[201342446,&quot;1&quot;,201342447,&quot;5&quot;,201342448,&quot;1&quot;,201342449,&quot;1&quot;,469777841,&quot;Aptos&quot;,469777842,&quot;&quot;,469777843,&quot;Aptos&quot;,469777844,&quot;Aptos&quot;,201341986,&quot;1&quot;,469769226,&quot;Aptos&quot;,268442635,&quot;24&quot;,469775450,&quot;normaltextrun&quot;,201340122,&quot;1&quot;,134233614,&quot;true&quot;,469778129,&quot;normaltextrun&quot;,335572020,&quot;1&quot;,469778324,&quot;Default Paragraph Font&quot;]}\"><span class=\"TextRun Highlight SCXW143758745 BCX0\" lang=\"SK-SK\" xml:lang=\"SK-SK\" data-contrast=\"none\"><span class=\"NormalTextRun SCXW143758745 BCX0\" data-ccp-charstyle=\"normaltextrun\" data-ccp-charstyle-defn=\"{&quot;ObjectId&quot;:&quot;ac0262f4-8a9e-5820-b908-2d943c5f7113|1&quot;,&quot;ClassId&quot;:1073872969,&quot;Properties&quot;:[201342446,&quot;1&quot;,201342447,&quot;5&quot;,201342448,&quot;1&quot;,201342449,&quot;1&quot;,469777841,&quot;Aptos&quot;,469777842,&quot;&quot;,469777843,&quot;Aptos&quot;,469777844,&quot;Aptos&quot;,201341986,&quot;1&quot;,469769226,&quot;Aptos&quot;,268442635,&quot;24&quot;,469775450,&quot;normaltextrun&quot;,201340122,&quot;1&quot;,134233614,&quot;true&quot;,469778129,&quot;normaltextrun&quot;,335572020,&quot;1&quot;,469778324,&quot;Default Paragraph Font&quot;]}\">\u202f<span class=\"TextRun Highlight SCXW249408695 BCX0\" lang=\"SK-SK\" xml:lang=\"SK-SK\" data-contrast=\"none\"><span class=\"NormalTextRun SCXW249408695 BCX0\" data-ccp-charstyle=\"normaltextrun\" data-ccp-charstyle-defn=\"{&quot;ObjectId&quot;:&quot;ac0262f4-8a9e-5820-b908-2d943c5f7113|1&quot;,&quot;ClassId&quot;:1073872969,&quot;Properties&quot;:[201342446,&quot;1&quot;,201342447,&quot;5&quot;,201342448,&quot;1&quot;,201342449,&quot;1&quot;,469777841,&quot;Aptos&quot;,469777842,&quot;&quot;,469777843,&quot;Aptos&quot;,469777844,&quot;Aptos&quot;,201341986,&quot;1&quot;,469769226,&quot;Aptos&quot;,268442635,&quot;24&quot;,469775450,&quot;normaltextrun&quot;,201340122,&quot;1&quot;,134233614,&quot;true&quot;,469778129,&quot;normaltextrun&quot;,335572020,&quot;1&quot;,469778324,&quot;Default Paragraph Font&quot;]}\">\u0161portov\u00e9, pr\u00edrodn\u00e9, relaxa\u010dn\u00e9<\/span><\/span><span class=\"TextRun SCXW249408695 BCX0\" lang=\"SK-SK\" xml:lang=\"SK-SK\" data-contrast=\"none\"><span class=\"NormalTextRun SCXW249408695 BCX0\" data-ccp-charstyle=\"eop\" data-ccp-charstyle-defn=\"{&quot;ObjectId&quot;:&quot;920dbcde-2834-5e15-a5fa-062170b236ba|1&quot;,&quot;ClassId&quot;:1073872969,&quot;Properties&quot;:[201342446,&quot;1&quot;,201342447,&quot;5&quot;,201342448,&quot;1&quot;,201342449,&quot;1&quot;,469777841,&quot;Aptos&quot;,469777842,&quot;&quot;,469777843,&quot;Aptos&quot;,469777844,&quot;Aptos&quot;,201341986,&quot;1&quot;,469769226,&quot;Aptos&quot;,268442635,&quot;24&quot;,469775450,&quot;eop&quot;,201340122,&quot;1&quot;,134233614,&quot;true&quot;,469778129,&quot;eop&quot;,335572020,&quot;1&quot;,469778324,&quot;Default Paragraph Font&quot;]}\">\u202f<\/span><\/span><span class=\"TextRun SCXW135674319 BCX0\" lang=\"SK-SK\" xml:lang=\"SK-SK\" data-contrast=\"none\"><span class=\"NormalTextRun SCXW135674319 BCX0\" data-ccp-charstyle=\"eop\" data-ccp-charstyle-defn=\"{&quot;ObjectId&quot;:&quot;920dbcde-2834-5e15-a5fa-062170b236ba|1&quot;,&quot;ClassId&quot;:1073872969,&quot;Properties&quot;:[201342446,&quot;1&quot;,201342447,&quot;5&quot;,201342448,&quot;1&quot;,201342449,&quot;1&quot;,469777841,&quot;Aptos&quot;,469777842,&quot;&quot;,469777843,&quot;Aptos&quot;,469777844,&quot;Aptos&quot;,201341986,&quot;1&quot;,469769226,&quot;Aptos&quot;,268442635,&quot;24&quot;,469775450,&quot;eop&quot;,201340122,&quot;1&quot;,134233614,&quot;true&quot;,469778129,&quot;eop&quot;,335572020,&quot;1&quot;,469778324,&quot;Default Paragraph Font&quot;]}\">\u202f<\/span><\/span><\/span><\/span><span class=\"TextRun SCXW25807588 BCX0\" lang=\"SK-SK\" xml:lang=\"SK-SK\" data-contrast=\"none\"><span class=\"NormalTextRun SCXW25807588 BCX0\" data-ccp-charstyle=\"eop\" data-ccp-charstyle-defn=\"{&quot;ObjectId&quot;:&quot;920dbcde-2834-5e15-a5fa-062170b236ba|1&quot;,&quot;ClassId&quot;:1073872969,&quot;Properties&quot;:[201342446,&quot;1&quot;,201342447,&quot;5&quot;,201342448,&quot;1&quot;,201342449,&quot;1&quot;,469777841,&quot;Aptos&quot;,469777842,&quot;&quot;,469777843,&quot;Aptos&quot;,469777844,&quot;Aptos&quot;,201341986,&quot;1&quot;,469769226,&quot;Aptos&quot;,268442635,&quot;24&quot;,469775450,&quot;eop&quot;,201340122,&quot;1&quot;,134233614,&quot;true&quot;,469778129,&quot;eop&quot;,335572020,&quot;1&quot;,469778324,&quot;Default Paragraph Font&quot;]}\">\u202f<\/span><\/span><\/span><\/span><br \/>\n<span style=\"font-weight: 400;\">Lektorka: <span class=\"NormalTextRun SpellingErrorV2Themed SCXW190981817 BCX0\" data-ccp-charstyle=\"normaltextrun\">Hani<\/span><span class=\"NormalTextRun SCXW190981817 BCX0\" data-ccp-charstyle=\"normaltextrun\">\u202f<\/span><span class=\"NormalTextRun SpellingErrorV2Themed SCXW190981817 BCX0\" data-ccp-charstyle=\"normaltextrun\">Naelin<\/span><span class=\"NormalTextRun SCXW190981817 BCX0\" data-ccp-charstyle=\"normaltextrun\">\u202f<\/span><span class=\"NormalTextRun SpellingErrorV2Themed SCXW190981817 BCX0\" data-ccp-charstyle=\"normaltextrun\">Gemza<\/span><span class=\"NormalTextRun SCXW190981817 BCX0\" data-ccp-charstyle=\"normaltextrun\">\u202f<\/span><span class=\"NormalTextRun SCXW190981817 BCX0\" data-ccp-charstyle=\"normaltextrun\">\u00a0a<\/span><span class=\"NormalTextRun SCXW190981817 BCX0\" data-ccp-charstyle=\"normaltextrun\">\u202f Jozef\u202f<\/span><span class=\"NormalTextRun SpellingErrorV2Themed SCXW190981817 BCX0\" data-ccp-charstyle=\"normaltextrun\">Gemza<\/span><span class=\"NormalTextRun SCXW190981817 BCX0\" data-ccp-charstyle=\"normaltextrun\">\u202f, tr\u00e9neri cyklistiky pre ml\u00e1de\u017e<\/span><span class=\"TextRun SCXW173133959 BCX0\" lang=\"SK-SK\" xml:lang=\"SK-SK\" data-contrast=\"none\"><span class=\"NormalTextRun SCXW173133959 BCX0\" data-ccp-charstyle=\"eop\" data-ccp-charstyle-defn=\"{&quot;ObjectId&quot;:&quot;920dbcde-2834-5e15-a5fa-062170b236ba|1&quot;,&quot;ClassId&quot;:1073872969,&quot;Properties&quot;:[201342446,&quot;1&quot;,201342447,&quot;5&quot;,201342448,&quot;1&quot;,201342449,&quot;1&quot;,469777841,&quot;Aptos&quot;,469777842,&quot;&quot;,469777843,&quot;Aptos&quot;,469777844,&quot;Aptos&quot;,201341986,&quot;1&quot;,469769226,&quot;Aptos&quot;,268442635,&quot;24&quot;,469775450,&quot;eop&quot;,201340122,&quot;1&quot;,134233614,&quot;true&quot;,469778129,&quot;eop&quot;,335572020,&quot;1&quot;,469778324,&quot;Default Paragraph Font&quot;]}\">\u202f\u202f<\/span><\/span><span class=\"TextRun SCXW195675288 BCX0\" lang=\"SK-SK\" xml:lang=\"SK-SK\" data-contrast=\"none\"><span class=\"NormalTextRun SCXW195675288 BCX0\" data-ccp-charstyle=\"eop\" data-ccp-charstyle-defn=\"{&quot;ObjectId&quot;:&quot;920dbcde-2834-5e15-a5fa-062170b236ba|1&quot;,&quot;ClassId&quot;:1073872969,&quot;Properties&quot;:[201342446,&quot;1&quot;,201342447,&quot;5&quot;,201342448,&quot;1&quot;,201342449,&quot;1&quot;,469777841,&quot;Aptos&quot;,469777842,&quot;&quot;,469777843,&quot;Aptos&quot;,469777844,&quot;Aptos&quot;,201341986,&quot;1&quot;,469769226,&quot;Aptos&quot;,268442635,&quot;24&quot;,469775450,&quot;eop&quot;,201340122,&quot;1&quot;,134233614,&quot;true&quot;,469778129,&quot;eop&quot;,335572020,&quot;1&quot;,469778324,&quot;Default Paragraph Font&quot;]}\">\u202f<\/span><span class=\"NormalTextRun SCXW195675288 BCX0\" data-ccp-charstyle=\"eop\">\u202f<\/span><\/span><span class=\"EOP SCXW106020188 BCX0\" data-ccp-props=\"{&quot;201341983&quot;:0,&quot;335559739&quot;:0,&quot;335559740&quot;:240}\">\u00a0<\/span><span class=\"TextRun SCXW46440393 BCX0\" lang=\"SK-SK\" xml:lang=\"SK-SK\" data-contrast=\"none\"><span class=\"NormalTextRun SCXW46440393 BCX0\" data-ccp-charstyle=\"eop\" data-ccp-charstyle-defn=\"{&quot;ObjectId&quot;:&quot;920dbcde-2834-5e15-a5fa-062170b236ba|1&quot;,&quot;ClassId&quot;:1073872969,&quot;Properties&quot;:[201342446,&quot;1&quot;,201342447,&quot;5&quot;,201342448,&quot;1&quot;,201342449,&quot;1&quot;,469777841,&quot;Aptos&quot;,469777842,&quot;&quot;,469777843,&quot;Aptos&quot;,469777844,&quot;Aptos&quot;,201341986,&quot;1&quot;,469769226,&quot;Aptos&quot;,268442635,&quot;24&quot;,469775450,&quot;eop&quot;,201340122,&quot;1&quot;,134233614,&quot;true&quot;,469778129,&quot;eop&quot;,335572020,&quot;1&quot;,469778324,&quot;Default Paragraph Font&quot;]}\">\u202f<\/span><\/span><span class=\"TextRun SCXW145669332 BCX0\" lang=\"SK-SK\" xml:lang=\"SK-SK\" data-contrast=\"none\"><span class=\"NormalTextRun SCXW145669332 BCX0\" data-ccp-charstyle=\"eop\" data-ccp-charstyle-defn=\"{&quot;ObjectId&quot;:&quot;920dbcde-2834-5e15-a5fa-062170b236ba|1&quot;,&quot;ClassId&quot;:1073872969,&quot;Properties&quot;:[201342446,&quot;1&quot;,201342447,&quot;5&quot;,201342448,&quot;1&quot;,201342449,&quot;1&quot;,469777841,&quot;Aptos&quot;,469777842,&quot;&quot;,469777843,&quot;Aptos&quot;,469777844,&quot;Aptos&quot;,201341986,&quot;1&quot;,469769226,&quot;Aptos&quot;,268442635,&quot;24&quot;,469775450,&quot;eop&quot;,201340122,&quot;1&quot;,134233614,&quot;true&quot;,469778129,&quot;eop&quot;,335572020,&quot;1&quot;,469778324,&quot;Default Paragraph Font&quot;]}\">\u202f<\/span><\/span><span class=\"TextRun SCXW202633285 BCX0\" lang=\"SK-SK\" xml:lang=\"SK-SK\" data-contrast=\"none\"><span class=\"NormalTextRun SCXW202633285 BCX0\" data-ccp-charstyle=\"eop\" data-ccp-charstyle-defn=\"{&quot;ObjectId&quot;:&quot;920dbcde-2834-5e15-a5fa-062170b236ba|1&quot;,&quot;ClassId&quot;:1073872969,&quot;Properties&quot;:[201342446,&quot;1&quot;,201342447,&quot;5&quot;,201342448,&quot;1&quot;,201342449,&quot;1&quot;,469777841,&quot;Aptos&quot;,469777842,&quot;&quot;,469777843,&quot;Aptos&quot;,469777844,&quot;Aptos&quot;,201341986,&quot;1&quot;,469769226,&quot;Aptos&quot;,268442635,&quot;24&quot;,469775450,&quot;eop&quot;,201340122,&quot;1&quot;,134233614,&quot;true&quot;,469778129,&quot;eop&quot;,335572020,&quot;1&quot;,469778324,&quot;Default Paragraph Font&quot;]}\">\u202f<\/span><span class=\"NormalTextRun SCXW202633285 BCX0\" data-ccp-charstyle=\"eop\">\u202f<\/span><\/span><span class=\"EOP SCXW202633285 BCX0\" data-ccp-props=\"{&quot;201341983&quot;:0,&quot;335559739&quot;:0,&quot;335559740&quot;:240}\">\u00a0<\/span><\/span><\/p>\n<p>Kapacita: 15 det\u00ed<br \/>\nCena: 199 \u20ac<br \/>\n<span style=\"font-weight: 400;\"><span data-olk-copy-source=\"MessageBody\">V cene je zahrnut\u00e9: program, desiata, obed, olovrant, pitn\u00fd re\u017eim, pom\u00f4cky.<\/span>\u00a0<\/span>[\/vc_column_text][\/vc_column][\/vc_row]<\/p>\n","protected":false},"featured_media":12128,"template":"","meta":{"inline_featured_image":false},"product_cat":[104],"product_tag":[],"class_list":{"0":"post-12127","1":"product","2":"type-product","3":"status-publish","4":"has-post-thumbnail","6":"product_cat-tabory-2026","8":"first","9":"instock","10":"virtual","11":"sold-individually","12":"purchasable","13":"product-type-simple"},"aioseo_notices":[],"_links":{"self":[{"href":"https:\/\/krasnesady.sk\/en\/wp-json\/wp\/v2\/product\/12127","targetHints":{"allow":["GET"]}}],"collection":[{"href":"https:\/\/krasnesady.sk\/en\/wp-json\/wp\/v2\/product"}],"about":[{"href":"https:\/\/krasnesady.sk\/en\/wp-json\/wp\/v2\/types\/product"}],"wp:featuredmedia":[{"embeddable":true,"href":"https:\/\/krasnesady.sk\/en\/wp-json\/wp\/v2\/media\/12128"}],"wp:attachment":[{"href":"https:\/\/krasnesady.sk\/en\/wp-json\/wp\/v2\/media?parent=12127"}],"wp:term":[{"taxonomy":"product_cat","embeddable":true,"href":"https:\/\/krasnesady.sk\/en\/wp-json\/wp\/v2\/product_cat?post=12127"},{"taxonomy":"product_tag","embeddable":true,"href":"https:\/\/krasnesady.sk\/en\/wp-json\/wp\/v2\/product_tag?post=12127"}],"curies":[{"name":"wp","href":"https:\/\/api.w.org\/{rel}","templated":true}]}}