{"id":12089,"date":"2026-02-26T14:50:41","date_gmt":"2026-02-26T13:50:41","guid":{"rendered":"https:\/\/krasnesady.sk\/?post_type=product&#038;p=12089"},"modified":"2026-04-08T10:27:29","modified_gmt":"2026-04-08T08:27:29","slug":"02-6-10-jula-2026-carovny-svet-byliniek","status":"publish","type":"product","link":"https:\/\/krasnesady.sk\/uk\/produkt\/02-6-10-jula-2026-carovny-svet-byliniek\/","title":{"rendered":"02) 6. \u2013 10. j\u00fala 2026\u202f \u010carovn\u00fd svet byliniek\u202f"},"content":{"rendered":"","protected":false},"excerpt":{"rendered":"<p>[vc_row conditional_render=&#8221;%5B%7B%22value_role%22%3A%22administrator%22%7D%5D&#8221;][vc_column][vc_column_text el_class=&#8221;taborinfo&#8221;]<i><b>VEK:<\/b> 6 &#8211; 9 rokov \/ <b>ZAMERANIE: <\/b><span class=\"TextRun Highlight SCXW164899701 BCX0\" lang=\"SK-SK\" xml:lang=\"SK-SK\" data-contrast=\"none\"><span class=\"NormalTextRun SCXW164899701 BCX0\" data-ccp-charstyle=\"normaltextrun\" data-ccp-charstyle-defn=\"{&quot;ObjectId&quot;:&quot;ac0262f4-8a9e-5820-b908-2d943c5f7113|1&quot;,&quot;ClassId&quot;:1073872969,&quot;Properties&quot;:[201342446,&quot;1&quot;,201342447,&quot;5&quot;,201342448,&quot;1&quot;,201342449,&quot;1&quot;,469777841,&quot;Aptos&quot;,469777842,&quot;&quot;,469777843,&quot;Aptos&quot;,469777844,&quot;Aptos&quot;,201341986,&quot;1&quot;,469769226,&quot;Aptos&quot;,268442635,&quot;24&quot;,469775450,&quot;normaltextrun&quot;,201340122,&quot;1&quot;,134233614,&quot;true&quot;,469778129,&quot;normaltextrun&quot;,335572020,&quot;1&quot;,469778324,&quot;Default Paragraph Font&quot;]}\">tvoriv\u00e9, pr\u00edrodn\u00e9<\/span><\/span>\/ <b> KAPACITA:<\/b> 15 <\/i>[\/vc_column_text][\/vc_column][\/vc_row][vc_row wrap_container=&#8221;yes&#8221; conditional_render=&#8221;%5B%7B%22value_role%22%3A%22administrator%22%7D%5D&#8221;][vc_column][vc_column_text]<\/p>\n<div class=\"x_elementToProof\" data-ogsc=\"rgb(0, 0, 0)\" data-olk-copy-source=\"MessageBody\">\n<p><span data-contrast=\"none\">Poz\u00fdvame\u202fdeti do sveta lie\u010div\u00fdch rastl\u00edn\u00a0a\u00a0vo\u0148av\u00fdch esenci\u00ed.<\/span><span data-contrast=\"none\">\u202f<\/span><span data-contrast=\"none\">Pod veden\u00edm l\u00e1skav\u00fdch lektoriek\u202fStanky a Danky\u202fsa deti vydaj\u00fa do lesn\u00e9ho a l\u00fa\u010dneho prostredia v okol\u00ed Kr\u00e1snych Sadov, kde bud\u00fa spozn\u00e1va\u0165 bylinky, ich v\u00f4\u0148u, \u00fa\u010dinky aj zauj\u00edmav\u00e9 pr\u00edbehy, ktor\u00e9 sa s nimi sp\u00e1jaj\u00fa. Nau\u010dia sa, ako pr\u00edrodu pozorova\u0165 citlivo a ako si z nej vzia\u0165 len to, \u010do naozaj potrebujeme.<\/span><span data-contrast=\"none\">\u202f<\/span><span data-ccp-props=\"{&quot;201341983&quot;:0,&quot;335559739&quot;:0,&quot;335559740&quot;:240}\">\u00a0<\/span><\/p>\n<p><span data-contrast=\"none\">Okrem objavovania budeme aj tvori\u0165\u00a0a\u202fve\u013ea sa hra\u0165. Ka\u017ed\u00e9 die\u0165a si vlastnoru\u010dne\u00a0vyrob\u00ed:\u202fbylinkov\u00fd\u202fparf\u00e9m,\u202fpr\u00edrodn\u00e9 bylinkov\u00e9 mydlo,\u202fvo\u0148av\u00fa \u0161umiv\u00fa bylinkov\u00fa bombu do k\u00fape\u013ea\u202fa \u010fal\u0161ie mal\u00e9\u202fpr\u00edrodn\u00e9 v\u00fdrobky.<\/span><span data-contrast=\"none\">\u202f<\/span><span data-ccp-props=\"{&quot;201341983&quot;:0,&quot;335559739&quot;:0,&quot;335559740&quot;:240}\">\u00a0<\/span><\/p>\n<p><span data-contrast=\"none\">Budeme sa\u00a0u\u010di\u0165 spolupracova\u0165, po\u010d\u00fava\u0165 sa navz\u00e1jom a uvedomova\u0165 si, \u017ee ka\u017ed\u00fd z n\u00e1s je d\u00f4le\u017eitou s\u00fa\u010das\u0165ou t\u00edmu,\u202frovnako ako sme v\u0161etci s\u00fa\u010das\u0165ou pr\u00edrody.<\/span><span data-contrast=\"none\">\u202f<\/span><span data-ccp-props=\"{&quot;201341983&quot;:0,&quot;335559739&quot;:0,&quot;335559740&quot;:240}\">\u00a0<\/span><\/p>\n<p><span data-contrast=\"none\">Na t\u00e1bor poz\u00fdvame v\u0161etky deti, ktor\u00e9 rady tvoria, objavuj\u00fa a chc\u00fa za\u017ei\u0165 leto pln\u00e9 v\u00f4n\u00ed, pohody, priate\u013estiev a hlb\u0161ieho spojenia s pr\u00edrodou.<\/span><span data-contrast=\"none\">\u202f<\/span><span data-ccp-props=\"{&quot;201341983&quot;:0,&quot;335559739&quot;:0,&quot;335559740&quot;:240}\">\u00a0<\/span><\/p>\n<p>&nbsp;<\/p>\n<\/div>\n<p><span style=\"font-weight: 400;\">Vek: 6 &#8211; 9 rokov<br \/>\n<\/span><span style=\"font-weight: 400;\">\u010cas: 8.00 &#8211; 16.00 h<br \/>\n<\/span>Zameranie: <span class=\"TextRun Highlight SCXW148033052 BCX0\" lang=\"SK-SK\" xml:lang=\"SK-SK\" data-contrast=\"none\"><span class=\"NormalTextRun SCXW148033052 BCX0\" data-ccp-charstyle=\"normaltextrun\" data-ccp-charstyle-defn=\"{&quot;ObjectId&quot;:&quot;ac0262f4-8a9e-5820-b908-2d943c5f7113|1&quot;,&quot;ClassId&quot;:1073872969,&quot;Properties&quot;:[201342446,&quot;1&quot;,201342447,&quot;5&quot;,201342448,&quot;1&quot;,201342449,&quot;1&quot;,469777841,&quot;Aptos&quot;,469777842,&quot;&quot;,469777843,&quot;Aptos&quot;,469777844,&quot;Aptos&quot;,201341986,&quot;1&quot;,469769226,&quot;Aptos&quot;,268442635,&quot;24&quot;,469775450,&quot;normaltextrun&quot;,201340122,&quot;1&quot;,134233614,&quot;true&quot;,469778129,&quot;normaltextrun&quot;,335572020,&quot;1&quot;,469778324,&quot;Default Paragraph Font&quot;]}\">\u202ftvoriv\u00e9, pr\u00edrodn\u00e9<\/span><\/span><span class=\"TextRun SCXW148033052 BCX0\" lang=\"SK-SK\" xml:lang=\"SK-SK\" data-contrast=\"none\"><span class=\"NormalTextRun SCXW148033052 BCX0\" data-ccp-charstyle=\"eop\" data-ccp-charstyle-defn=\"{&quot;ObjectId&quot;:&quot;920dbcde-2834-5e15-a5fa-062170b236ba|1&quot;,&quot;ClassId&quot;:1073872969,&quot;Properties&quot;:[201342446,&quot;1&quot;,201342447,&quot;5&quot;,201342448,&quot;1&quot;,201342449,&quot;1&quot;,469777841,&quot;Aptos&quot;,469777842,&quot;&quot;,469777843,&quot;Aptos&quot;,469777844,&quot;Aptos&quot;,201341986,&quot;1&quot;,469769226,&quot;Aptos&quot;,268442635,&quot;24&quot;,469775450,&quot;eop&quot;,201340122,&quot;1&quot;,134233614,&quot;true&quot;,469778129,&quot;eop&quot;,335572020,&quot;1&quot;,469778324,&quot;Default Paragraph Font&quot;]}\">\u202f<\/span><\/span><br \/>\n<span style=\"font-weight: 400;\">Lektori: <span class=\"TextRun Highlight SCXW202633285 BCX0\" lang=\"SK-SK\" xml:lang=\"SK-SK\" data-contrast=\"none\"><span class=\"NormalTextRun SCXW202633285 BCX0\" data-ccp-charstyle=\"normaltextrun\" data-ccp-charstyle-defn=\"{&quot;ObjectId&quot;:&quot;ac0262f4-8a9e-5820-b908-2d943c5f7113|1&quot;,&quot;ClassId&quot;:1073872969,&quot;Properties&quot;:[201342446,&quot;1&quot;,201342447,&quot;5&quot;,201342448,&quot;1&quot;,201342449,&quot;1&quot;,469777841,&quot;Aptos&quot;,469777842,&quot;&quot;,469777843,&quot;Aptos&quot;,469777844,&quot;Aptos&quot;,201341986,&quot;1&quot;,469769226,&quot;Aptos&quot;,268442635,&quot;24&quot;,469775450,&quot;normaltextrun&quot;,201340122,&quot;1&quot;,134233614,&quot;true&quot;,469778129,&quot;normaltextrun&quot;,335572020,&quot;1&quot;,469778324,&quot;Default Paragraph Font&quot;]}\">Stanislava\u202f<\/span><span class=\"NormalTextRun SpellingErrorV2Themed SCXW202633285 BCX0\" data-ccp-charstyle=\"normaltextrun\">Harago\u0161ov\u00e1<\/span><span class=\"NormalTextRun SCXW202633285 BCX0\" data-ccp-charstyle=\"normaltextrun\">,\u202fDanka\u202f<\/span><span class=\"NormalTextRun SpellingErrorV2Themed SCXW202633285 BCX0\" data-ccp-charstyle=\"normaltextrun\">Ma\u010d\u00e1kov\u00e1<\/span><span class=\"NormalTextRun SCXW202633285 BCX0\" data-ccp-charstyle=\"normaltextrun\">\u00a0&#8211;\u00a0<\/span><span class=\"NormalTextRun SCXW202633285 BCX0\" data-ccp-charstyle=\"normaltextrun\">pedagogi\u010dky<\/span><\/span><span class=\"TextRun Highlight SCXW202633285 BCX0\" lang=\"SK-SK\" xml:lang=\"SK-SK\" data-contrast=\"none\"><span class=\"NormalTextRun SCXW202633285 BCX0\" data-ccp-charstyle=\"normaltextrun\">\u202f<\/span><\/span><span class=\"TextRun Highlight SCXW202633285 BCX0\" lang=\"SK-SK\" xml:lang=\"SK-SK\" data-contrast=\"none\"><span class=\"NormalTextRun SCXW202633285 BCX0\" data-ccp-charstyle=\"normaltextrun\">materskej \u0161koly v<\/span><\/span><span class=\"TextRun Highlight SCXW202633285 BCX0\" lang=\"SK-SK\" xml:lang=\"SK-SK\" data-contrast=\"none\"><span class=\"NormalTextRun SCXW202633285 BCX0\" data-ccp-charstyle=\"normaltextrun\">\u202f<\/span><\/span><span class=\"TextRun Highlight SCXW202633285 BCX0\" lang=\"SK-SK\" xml:lang=\"SK-SK\" data-contrast=\"none\"><span class=\"NormalTextRun SCXW202633285 BCX0\" data-ccp-charstyle=\"normaltextrun\">Kr\u00e1snych Sadoch<\/span><\/span><span class=\"TextRun SCXW202633285 BCX0\" lang=\"SK-SK\" xml:lang=\"SK-SK\" data-contrast=\"none\"><span class=\"NormalTextRun SCXW202633285 BCX0\" data-ccp-charstyle=\"eop\" data-ccp-charstyle-defn=\"{&quot;ObjectId&quot;:&quot;920dbcde-2834-5e15-a5fa-062170b236ba|1&quot;,&quot;ClassId&quot;:1073872969,&quot;Properties&quot;:[201342446,&quot;1&quot;,201342447,&quot;5&quot;,201342448,&quot;1&quot;,201342449,&quot;1&quot;,469777841,&quot;Aptos&quot;,469777842,&quot;&quot;,469777843,&quot;Aptos&quot;,469777844,&quot;Aptos&quot;,201341986,&quot;1&quot;,469769226,&quot;Aptos&quot;,268442635,&quot;24&quot;,469775450,&quot;eop&quot;,201340122,&quot;1&quot;,134233614,&quot;true&quot;,469778129,&quot;eop&quot;,335572020,&quot;1&quot;,469778324,&quot;Default Paragraph Font&quot;]}\">\u202f<\/span><span class=\"NormalTextRun SCXW202633285 BCX0\" data-ccp-charstyle=\"eop\">\u202f<\/span><\/span><span class=\"EOP SCXW202633285 BCX0\" data-ccp-props=\"{&quot;201341983&quot;:0,&quot;335559739&quot;:0,&quot;335559740&quot;:240}\">\u00a0<\/span><\/span><\/p>\n<p>Kapacita: 15 det\u00ed<br \/>\nCena: 199 \u20ac<br \/>\n<span style=\"font-weight: 400;\"><span data-olk-copy-source=\"MessageBody\">V cene je zahrnut\u00e9: program, desiata, obed, olovrant, pitn\u00fd re\u017eim, pom\u00f4cky.<\/span>\u00a0<\/span>[\/vc_column_text][\/vc_column][\/vc_row]<\/p>\n","protected":false},"featured_media":12092,"template":"","meta":{"inline_featured_image":false},"product_cat":[104],"product_tag":[],"class_list":{"0":"post-12089","1":"product","2":"type-product","3":"status-publish","4":"has-post-thumbnail","6":"product_cat-tabory-2026","8":"first","9":"instock","10":"virtual","11":"sold-individually","12":"purchasable","13":"product-type-simple"},"aioseo_notices":[],"_links":{"self":[{"href":"https:\/\/krasnesady.sk\/uk\/wp-json\/wp\/v2\/product\/12089","targetHints":{"allow":["GET"]}}],"collection":[{"href":"https:\/\/krasnesady.sk\/uk\/wp-json\/wp\/v2\/product"}],"about":[{"href":"https:\/\/krasnesady.sk\/uk\/wp-json\/wp\/v2\/types\/product"}],"wp:featuredmedia":[{"embeddable":true,"href":"https:\/\/krasnesady.sk\/uk\/wp-json\/wp\/v2\/media\/12092"}],"wp:attachment":[{"href":"https:\/\/krasnesady.sk\/uk\/wp-json\/wp\/v2\/media?parent=12089"}],"wp:term":[{"taxonomy":"product_cat","embeddable":true,"href":"https:\/\/krasnesady.sk\/uk\/wp-json\/wp\/v2\/product_cat?post=12089"},{"taxonomy":"product_tag","embeddable":true,"href":"https:\/\/krasnesady.sk\/uk\/wp-json\/wp\/v2\/product_tag?post=12089"}],"curies":[{"name":"wp","href":"https:\/\/api.w.org\/{rel}","templated":true}]}}