{"id":12143,"date":"2026-02-26T17:41:54","date_gmt":"2026-02-26T16:41:54","guid":{"rendered":"https:\/\/krasnesady.sk\/?post_type=product&#038;p=12143"},"modified":"2026-03-05T10:56:12","modified_gmt":"2026-03-05T09:56:12","slug":"15-10-14-augusta-2026-krasa-sperkov-ii","status":"publish","type":"product","link":"https:\/\/krasnesady.sk\/uk\/produkt\/15-10-14-augusta-2026-krasa-sperkov-ii\/","title":{"rendered":"15) 10. &#8211; 14.\u202faugusta\u202f2026\u202f Kr\u00e1sa \u0161perkov II\u202f"},"content":{"rendered":"","protected":false},"excerpt":{"rendered":"<p>[vc_row conditional_render=&#8221;%5B%7B%22value_role%22%3A%22administrator%22%7D%5D&#8221;][vc_column][vc_column_text el_class=&#8221;taborinfo&#8221;]<i><b>VEK:<\/b> 6 &#8211; 9 rokov \/ <b>ZAMERANIE: <\/b><span class=\"NormalTextRun SCXW116051489 BCX0\" data-ccp-charstyle=\"normaltextrun\">p<\/span><span class=\"NormalTextRun SCXW116051489 BCX0\" data-ccp-charstyle=\"normaltextrun\">r\u00edrodn\u00e9, kreat\u00edvne tvorenie z lesn\u00fdch materi\u00e1lov, pohybov\u00e9<\/span>\/ <b> KAPACITA:<\/b> 15 <\/i>[\/vc_column_text][\/vc_column][\/vc_row][vc_row wrap_container=&#8221;yes&#8221; conditional_render=&#8221;%5B%7B%22value_role%22%3A%22administrator%22%7D%5D&#8221;][vc_column][vc_column_text]<\/p>\n<div class=\"x_elementToProof\" data-ogsc=\"rgb(0, 0, 0)\" data-olk-copy-source=\"MessageBody\">\n<p><span data-contrast=\"none\">\u010cak\u00e1 n\u00e1s t\u00fd\u017ede\u0148 pln\u00fd objavovania tajomstiev a kr\u00e1s\u202f\u0161perk\u00e1rskeho\u202fremesla. Deti sa ponoria do sveta drahokamov, pr\u00edrodn\u00fdch materi\u00e1lov a vlastnej tvorivosti.<\/span><span data-contrast=\"none\">\u202f<\/span><span data-contrast=\"none\">Budeme vytv\u00e1ra\u0165 \u0161perky z r\u00f4znych vz\u00e1cnych kame\u0148ov aj z pr\u00edrodn\u00edn, ktor\u00e9 si sami nazbierame po\u010das prech\u00e1dzky lesom \u2013\u00a0z\u00a0k\u00f4ry, machu\u00a0\u010di kamienkov. Budeme sk\u00fama\u0165 ich \u0161trukt\u00faru a porovn\u00e1va\u0165 ju s drahokamami, objavova\u0165 rozdiely aj podobnosti a rozpr\u00e1va\u0165 sa o tom, ako vznikaj\u00fa.\u00a0<\/span><span data-ccp-props=\"{&quot;201341983&quot;:0,&quot;335559739&quot;:0,&quot;335559740&quot;:240}\">\u00a0<\/span><\/p>\n<p><span data-contrast=\"none\">Deti si vyrobia vlastn\u00e9 n\u00e1hrdeln\u00edky z drahokamov, ktor\u00e9 bud\u00fa pomocou ko\u017ee a dr\u00f4tu prep\u00e1ja\u0165 s pr\u00edrodn\u00fdmi prvkami.\u00a0Domov\u00a0si odnes\u00fa\u00a0nielen vlastn\u00e9\u00a0\u0161perky, ale aj nov\u00e9\u00a0vedomosti\u00a0a\u00a0zru\u010dnosti\u00a0z\u00edskan\u00e9 pri kreat\u00edvnej tvorbe v\u202fpr\u00edrode.<\/span><span data-contrast=\"none\">\u202f<\/span><span data-ccp-props=\"{&quot;201341983&quot;:0,&quot;335559739&quot;:0,&quot;335559740&quot;:240}\">\u00a0<\/span><\/p>\n<p>Vek: 6 <span class=\"TextRun Highlight SCXW44573294 BCX0\" lang=\"SK-SK\" xml:lang=\"SK-SK\" data-contrast=\"none\"><span class=\"NormalTextRun SCXW44573294 BCX0\" data-ccp-charstyle=\"normaltextrun\" data-ccp-charstyle-defn=\"{&quot;ObjectId&quot;:&quot;ac0262f4-8a9e-5820-b908-2d943c5f7113|1&quot;,&quot;ClassId&quot;:1073872969,&quot;Properties&quot;:[201342446,&quot;1&quot;,201342447,&quot;5&quot;,201342448,&quot;1&quot;,201342449,&quot;1&quot;,469777841,&quot;Aptos&quot;,469777842,&quot;&quot;,469777843,&quot;Aptos&quot;,469777844,&quot;Aptos&quot;,201341986,&quot;1&quot;,469769226,&quot;Aptos&quot;,268442635,&quot;24&quot;,469775450,&quot;normaltextrun&quot;,201340122,&quot;1&quot;,134233614,&quot;true&quot;,469778129,&quot;normaltextrun&quot;,335572020,&quot;1&quot;,469778324,&quot;Default Paragraph Font&quot;]}\">&#8211; 9\u202frokov\u202f<\/span><\/span><\/p>\n<\/div>\n<p><span style=\"font-weight: 400;\">\u010cas: 8.00 &#8211; 16.00 h<br \/>\n<\/span>Zameranie: <span class=\"TextRun Highlight SCXW148033052 BCX0\" lang=\"SK-SK\" xml:lang=\"SK-SK\" data-contrast=\"none\"><span class=\"NormalTextRun SCXW148033052 BCX0\" data-ccp-charstyle=\"normaltextrun\" data-ccp-charstyle-defn=\"{&quot;ObjectId&quot;:&quot;ac0262f4-8a9e-5820-b908-2d943c5f7113|1&quot;,&quot;ClassId&quot;:1073872969,&quot;Properties&quot;:[201342446,&quot;1&quot;,201342447,&quot;5&quot;,201342448,&quot;1&quot;,201342449,&quot;1&quot;,469777841,&quot;Aptos&quot;,469777842,&quot;&quot;,469777843,&quot;Aptos&quot;,469777844,&quot;Aptos&quot;,201341986,&quot;1&quot;,469769226,&quot;Aptos&quot;,268442635,&quot;24&quot;,469775450,&quot;normaltextrun&quot;,201340122,&quot;1&quot;,134233614,&quot;true&quot;,469778129,&quot;normaltextrun&quot;,335572020,&quot;1&quot;,469778324,&quot;Default Paragraph Font&quot;]}\"><span class=\"TextRun Highlight SCXW143758745 BCX0\" lang=\"SK-SK\" xml:lang=\"SK-SK\" data-contrast=\"none\"><span class=\"NormalTextRun SCXW143758745 BCX0\" data-ccp-charstyle=\"normaltextrun\" data-ccp-charstyle-defn=\"{&quot;ObjectId&quot;:&quot;ac0262f4-8a9e-5820-b908-2d943c5f7113|1&quot;,&quot;ClassId&quot;:1073872969,&quot;Properties&quot;:[201342446,&quot;1&quot;,201342447,&quot;5&quot;,201342448,&quot;1&quot;,201342449,&quot;1&quot;,469777841,&quot;Aptos&quot;,469777842,&quot;&quot;,469777843,&quot;Aptos&quot;,469777844,&quot;Aptos&quot;,201341986,&quot;1&quot;,469769226,&quot;Aptos&quot;,268442635,&quot;24&quot;,469775450,&quot;normaltextrun&quot;,201340122,&quot;1&quot;,134233614,&quot;true&quot;,469778129,&quot;normaltextrun&quot;,335572020,&quot;1&quot;,469778324,&quot;Default Paragraph Font&quot;]}\">\u202f<span class=\"TextRun Highlight SCXW70936217 BCX0\" lang=\"SK-SK\" xml:lang=\"SK-SK\" data-contrast=\"none\"><span class=\"NormalTextRun SCXW70936217 BCX0\" data-ccp-charstyle=\"normaltextrun\">p<\/span><span class=\"NormalTextRun SCXW70936217 BCX0\" data-ccp-charstyle=\"normaltextrun\">r\u00edrodn\u00e9, kreat\u00edvne tvorenie z lesn\u00fdch materi\u00e1lov, pohybov\u00e9<\/span><\/span><span class=\"TextRun SCXW70936217 BCX0\" lang=\"SK-SK\" xml:lang=\"SK-SK\" data-contrast=\"none\"><span class=\"NormalTextRun SCXW70936217 BCX0\" data-ccp-charstyle=\"eop\" data-ccp-charstyle-defn=\"{&quot;ObjectId&quot;:&quot;920dbcde-2834-5e15-a5fa-062170b236ba|1&quot;,&quot;ClassId&quot;:1073872969,&quot;Properties&quot;:[201342446,&quot;1&quot;,201342447,&quot;5&quot;,201342448,&quot;1&quot;,201342449,&quot;1&quot;,469777841,&quot;Aptos&quot;,469777842,&quot;&quot;,469777843,&quot;Aptos&quot;,469777844,&quot;Aptos&quot;,201341986,&quot;1&quot;,469769226,&quot;Aptos&quot;,268442635,&quot;24&quot;,469775450,&quot;eop&quot;,201340122,&quot;1&quot;,134233614,&quot;true&quot;,469778129,&quot;eop&quot;,335572020,&quot;1&quot;,469778324,&quot;Default Paragraph Font&quot;]}\">\u202f<\/span><\/span><\/span><\/span><\/span><\/span><br \/>\n<span style=\"font-weight: 400;\">Lektorky: <span class=\"TextRun Highlight SCXW24179666 BCX0\" lang=\"SK-SK\" xml:lang=\"SK-SK\" data-contrast=\"none\"><span class=\"NormalTextRun SCXW24179666 BCX0\" data-ccp-charstyle=\"normaltextrun\" data-ccp-charstyle-defn=\"{&quot;ObjectId&quot;:&quot;ac0262f4-8a9e-5820-b908-2d943c5f7113|1&quot;,&quot;ClassId&quot;:1073872969,&quot;Properties&quot;:[201342446,&quot;1&quot;,201342447,&quot;5&quot;,201342448,&quot;1&quot;,201342449,&quot;1&quot;,469777841,&quot;Aptos&quot;,469777842,&quot;&quot;,469777843,&quot;Aptos&quot;,469777844,&quot;Aptos&quot;,201341986,&quot;1&quot;,469769226,&quot;Aptos&quot;,268442635,&quot;24&quot;,469775450,&quot;normaltextrun&quot;,201340122,&quot;1&quot;,134233614,&quot;true&quot;,469778129,&quot;normaltextrun&quot;,335572020,&quot;1&quot;,469778324,&quot;Default Paragraph Font&quot;]}\">\u202f<span class=\"NormalTextRun SCXW186190064 BCX0\" data-ccp-charstyle=\"normaltextrun\" data-ccp-charstyle-defn=\"{&quot;ObjectId&quot;:&quot;ac0262f4-8a9e-5820-b908-2d943c5f7113|1&quot;,&quot;ClassId&quot;:1073872969,&quot;Properties&quot;:[201342446,&quot;1&quot;,201342447,&quot;5&quot;,201342448,&quot;1&quot;,201342449,&quot;1&quot;,469777841,&quot;Aptos&quot;,469777842,&quot;&quot;,469777843,&quot;Aptos&quot;,469777844,&quot;Aptos&quot;,201341986,&quot;1&quot;,469769226,&quot;Aptos&quot;,268442635,&quot;24&quot;,469775450,&quot;normaltextrun&quot;,201340122,&quot;1&quot;,134233614,&quot;true&quot;,469778129,&quot;normaltextrun&quot;,335572020,&quot;1&quot;,469778324,&quot;Default Paragraph Font&quot;]}\">Anna M\u00e1ria\u202f<\/span><span class=\"NormalTextRun SpellingErrorV2Themed SCXW186190064 BCX0\" data-ccp-charstyle=\"normaltextrun\">Mil\u00e1\u010dkov\u00e1<\/span><span class=\"NormalTextRun SCXW186190064 BCX0\" data-ccp-charstyle=\"normaltextrun\">, pedagogi\u010dka\u202fz\u00e1kladnej \u0161koly v\u202fKr\u00e1snych Sadoch<\/span><\/span><\/span><span class=\"TextRun SCXW195675288 BCX0\" lang=\"SK-SK\" xml:lang=\"SK-SK\" data-contrast=\"none\"><span class=\"NormalTextRun SCXW195675288 BCX0\" data-ccp-charstyle=\"eop\" data-ccp-charstyle-defn=\"{&quot;ObjectId&quot;:&quot;920dbcde-2834-5e15-a5fa-062170b236ba|1&quot;,&quot;ClassId&quot;:1073872969,&quot;Properties&quot;:[201342446,&quot;1&quot;,201342447,&quot;5&quot;,201342448,&quot;1&quot;,201342449,&quot;1&quot;,469777841,&quot;Aptos&quot;,469777842,&quot;&quot;,469777843,&quot;Aptos&quot;,469777844,&quot;Aptos&quot;,201341986,&quot;1&quot;,469769226,&quot;Aptos&quot;,268442635,&quot;24&quot;,469775450,&quot;eop&quot;,201340122,&quot;1&quot;,134233614,&quot;true&quot;,469778129,&quot;eop&quot;,335572020,&quot;1&quot;,469778324,&quot;Default Paragraph Font&quot;]}\">\u202f<\/span><span class=\"NormalTextRun SCXW195675288 BCX0\" data-ccp-charstyle=\"eop\">\u202f<\/span><\/span><span class=\"EOP SCXW106020188 BCX0\" data-ccp-props=\"{&quot;201341983&quot;:0,&quot;335559739&quot;:0,&quot;335559740&quot;:240}\">\u00a0<\/span><span class=\"TextRun SCXW46440393 BCX0\" lang=\"SK-SK\" xml:lang=\"SK-SK\" data-contrast=\"none\"><span class=\"NormalTextRun SCXW46440393 BCX0\" data-ccp-charstyle=\"eop\" data-ccp-charstyle-defn=\"{&quot;ObjectId&quot;:&quot;920dbcde-2834-5e15-a5fa-062170b236ba|1&quot;,&quot;ClassId&quot;:1073872969,&quot;Properties&quot;:[201342446,&quot;1&quot;,201342447,&quot;5&quot;,201342448,&quot;1&quot;,201342449,&quot;1&quot;,469777841,&quot;Aptos&quot;,469777842,&quot;&quot;,469777843,&quot;Aptos&quot;,469777844,&quot;Aptos&quot;,201341986,&quot;1&quot;,469769226,&quot;Aptos&quot;,268442635,&quot;24&quot;,469775450,&quot;eop&quot;,201340122,&quot;1&quot;,134233614,&quot;true&quot;,469778129,&quot;eop&quot;,335572020,&quot;1&quot;,469778324,&quot;Default Paragraph Font&quot;]}\">\u202f<\/span><\/span><span class=\"TextRun SCXW145669332 BCX0\" lang=\"SK-SK\" xml:lang=\"SK-SK\" data-contrast=\"none\"><span class=\"NormalTextRun SCXW145669332 BCX0\" data-ccp-charstyle=\"eop\" data-ccp-charstyle-defn=\"{&quot;ObjectId&quot;:&quot;920dbcde-2834-5e15-a5fa-062170b236ba|1&quot;,&quot;ClassId&quot;:1073872969,&quot;Properties&quot;:[201342446,&quot;1&quot;,201342447,&quot;5&quot;,201342448,&quot;1&quot;,201342449,&quot;1&quot;,469777841,&quot;Aptos&quot;,469777842,&quot;&quot;,469777843,&quot;Aptos&quot;,469777844,&quot;Aptos&quot;,201341986,&quot;1&quot;,469769226,&quot;Aptos&quot;,268442635,&quot;24&quot;,469775450,&quot;eop&quot;,201340122,&quot;1&quot;,134233614,&quot;true&quot;,469778129,&quot;eop&quot;,335572020,&quot;1&quot;,469778324,&quot;Default Paragraph Font&quot;]}\">\u202f<\/span><\/span><span class=\"TextRun SCXW202633285 BCX0\" lang=\"SK-SK\" xml:lang=\"SK-SK\" data-contrast=\"none\"><span class=\"NormalTextRun SCXW202633285 BCX0\" data-ccp-charstyle=\"eop\" data-ccp-charstyle-defn=\"{&quot;ObjectId&quot;:&quot;920dbcde-2834-5e15-a5fa-062170b236ba|1&quot;,&quot;ClassId&quot;:1073872969,&quot;Properties&quot;:[201342446,&quot;1&quot;,201342447,&quot;5&quot;,201342448,&quot;1&quot;,201342449,&quot;1&quot;,469777841,&quot;Aptos&quot;,469777842,&quot;&quot;,469777843,&quot;Aptos&quot;,469777844,&quot;Aptos&quot;,201341986,&quot;1&quot;,469769226,&quot;Aptos&quot;,268442635,&quot;24&quot;,469775450,&quot;eop&quot;,201340122,&quot;1&quot;,134233614,&quot;true&quot;,469778129,&quot;eop&quot;,335572020,&quot;1&quot;,469778324,&quot;Default Paragraph Font&quot;]}\">\u202f<\/span><span class=\"NormalTextRun SCXW202633285 BCX0\" data-ccp-charstyle=\"eop\">\u202f<\/span><\/span><span class=\"EOP SCXW202633285 BCX0\" data-ccp-props=\"{&quot;201341983&quot;:0,&quot;335559739&quot;:0,&quot;335559740&quot;:240}\">\u00a0<\/span><\/span><\/p>\n<p>Kapacita: 15 det\u00ed<br \/>\nCena: 199 \u20ac<br \/>\n<span style=\"font-weight: 400;\"><span data-olk-copy-source=\"MessageBody\">V cene je zahrnut\u00e9: program, desiata, obed, olovrant, pitn\u00fd re\u017eim, pom\u00f4cky.<\/span>\u00a0<\/span>[\/vc_column_text][\/vc_column][\/vc_row]<\/p>\n","protected":false},"featured_media":12144,"template":"","meta":{"inline_featured_image":false},"product_cat":[104],"product_tag":[],"class_list":{"0":"post-12143","1":"product","2":"type-product","3":"status-publish","4":"has-post-thumbnail","6":"product_cat-tabory-2026","8":"first","9":"instock","10":"virtual","11":"sold-individually","12":"purchasable","13":"product-type-simple"},"aioseo_notices":[],"_links":{"self":[{"href":"https:\/\/krasnesady.sk\/uk\/wp-json\/wp\/v2\/product\/12143","targetHints":{"allow":["GET"]}}],"collection":[{"href":"https:\/\/krasnesady.sk\/uk\/wp-json\/wp\/v2\/product"}],"about":[{"href":"https:\/\/krasnesady.sk\/uk\/wp-json\/wp\/v2\/types\/product"}],"wp:featuredmedia":[{"embeddable":true,"href":"https:\/\/krasnesady.sk\/uk\/wp-json\/wp\/v2\/media\/12144"}],"wp:attachment":[{"href":"https:\/\/krasnesady.sk\/uk\/wp-json\/wp\/v2\/media?parent=12143"}],"wp:term":[{"taxonomy":"product_cat","embeddable":true,"href":"https:\/\/krasnesady.sk\/uk\/wp-json\/wp\/v2\/product_cat?post=12143"},{"taxonomy":"product_tag","embeddable":true,"href":"https:\/\/krasnesady.sk\/uk\/wp-json\/wp\/v2\/product_tag?post=12143"}],"curies":[{"name":"wp","href":"https:\/\/api.w.org\/{rel}","templated":true}]}}