{"id":12159,"date":"2026-02-26T18:01:35","date_gmt":"2026-02-26T17:01:35","guid":{"rendered":"https:\/\/krasnesady.sk\/?post_type=product&#038;p=12159"},"modified":"2026-04-06T14:12:28","modified_gmt":"2026-04-06T12:12:28","slug":"19-17-21-augusta-2026-lesna-dielna-prirodnych-pokladov","status":"publish","type":"product","link":"https:\/\/krasnesady.sk\/uk\/produkt\/19-17-21-augusta-2026-lesna-dielna-prirodnych-pokladov\/","title":{"rendered":"19) 17. \u2013\u202f21. augusta\u202f2026 \u202fLesn\u00e1 diel\u0148a pr\u00edrodn\u00fdch pokladov\u202f"},"content":{"rendered":"","protected":false},"excerpt":{"rendered":"<p>[vc_row conditional_render=&#8221;%5B%7B%22value_role%22%3A%22administrator%22%7D%5D&#8221;][vc_column][vc_column_text el_class=&#8221;taborinfo&#8221;]<i><b>VEK:<\/b> 7 &#8211; 10 rokov \/ <b>ZAMERANIE: <\/b><span class=\"TextRun Highlight SCXW224364660 BCX0\" lang=\"SK-SK\" xml:lang=\"SK-SK\" data-contrast=\"none\"><span class=\"NormalTextRun SCXW224364660 BCX0\" data-ccp-charstyle=\"normaltextrun\" data-ccp-charstyle-defn=\"{&quot;ObjectId&quot;:&quot;ac0262f4-8a9e-5820-b908-2d943c5f7113|1&quot;,&quot;ClassId&quot;:1073872969,&quot;Properties&quot;:[201342446,&quot;1&quot;,201342447,&quot;5&quot;,201342448,&quot;1&quot;,201342449,&quot;1&quot;,469777841,&quot;Aptos&quot;,469777842,&quot;&quot;,469777843,&quot;Aptos&quot;,469777844,&quot;Aptos&quot;,201341986,&quot;1&quot;,469769226,&quot;Aptos&quot;,268442635,&quot;24&quot;,469775450,&quot;normaltextrun&quot;,201340122,&quot;1&quot;,134233614,&quot;true&quot;,469778129,&quot;normaltextrun&quot;,335572020,&quot;1&quot;,469778324,&quot;Default Paragraph Font&quot;]}\">pr\u00edrodn\u00e9, tvoriv\u00e9<\/span><\/span>\/ <b> KAPACITA:<\/b> 15 <\/i>[\/vc_column_text][\/vc_column][\/vc_row][vc_row wrap_container=&#8221;yes&#8221; conditional_render=&#8221;%5B%7B%22value_role%22%3A%22administrator%22%7D%5D&#8221;][vc_column][vc_column_text]<\/p>\n<p><span data-contrast=\"none\">V tomto t\u00e1bore sa nech\u00e1me vies\u0165 kr\u00e1sou pr\u00edrody a premen\u00edme ju na origin\u00e1lne v\u00fdrobky pln\u00e9 v\u00f4n\u00ed a farieb. \u010cak\u00e1 n\u00e1s t\u00fd\u017ede\u0148 tvorenia, objavovania a radosti z vlastnoru\u010dne vyroben\u00fdch pokladov.<\/span><span data-contrast=\"none\">\u202f<\/span><span data-ccp-props=\"{&quot;201341983&quot;:0,&quot;335559739&quot;:0,&quot;335559740&quot;:240}\">\u00a0<\/span><\/p>\n<p><span data-contrast=\"none\">Deti si vyrobia vo\u0148av\u00e9 mydielka, so\u013e do k\u00fape\u013ea aj r\u00f4zne dekorat\u00edvne predmety z pr\u00edrodn\u00fdch materi\u00e1lov. Vytvor\u00edme si aj zvonkohry a spolo\u010densk\u00fa hru z lesn\u00fdch pokladov. Materi\u00e1l na tvorenie si nazbierame po\u010das hier a objavovania v pr\u00edrode.<\/span><span data-contrast=\"none\">\u202f<\/span><span data-contrast=\"none\">Popritom sa dozvieme mno\u017estvo zauj\u00edmavost\u00ed o rastlin\u00e1ch a bylink\u00e1ch, s ktor\u00fdmi budeme pracova\u0165. Nau\u010d\u00edme sa, ktor\u00e9 s\u00fa lie\u010div\u00e9, ako ich vyu\u017ei\u0165 na pr\u00edpravu \u010daj\u00edkov a ako ich mo\u017eno pou\u017ei\u0165 aj pri v\u00fdrobe pr\u00edrodnej kozmetiky.<\/span><span data-contrast=\"none\">\u202f<\/span><span data-contrast=\"none\">Na z\u00e1ver t\u00fd\u017ed\u0148a v\u00e1s pozveme na mal\u00fa v\u00fdstavu detsk\u00fdch pr\u00e1c a spolo\u010dn\u00e9 posedenie pri \u010daji z byliniek, ktor\u00e9 si spolu nazbierame a priprav\u00edme. Bude to pr\u00edjemn\u00e1 bodka za t\u00fd\u017ed\u0148om pln\u00fdm tvorivosti, v\u00f4n\u00ed a z\u00e1\u017eitkov.<\/span><span data-contrast=\"none\">\u202f<\/span><span data-ccp-props=\"{&quot;201341983&quot;:0,&quot;335559739&quot;:0,&quot;335559740&quot;:240}\">\u00a0<\/span><\/p>\n<div class=\"x_elementToProof\" data-ogsc=\"rgb(0, 0, 0)\" data-olk-copy-source=\"MessageBody\">\n<p>Vek: 7 <span class=\"TextRun Highlight SCXW44573294 BCX0\" lang=\"SK-SK\" xml:lang=\"SK-SK\" data-contrast=\"none\"><span class=\"NormalTextRun SCXW44573294 BCX0\" data-ccp-charstyle=\"normaltextrun\" data-ccp-charstyle-defn=\"{&quot;ObjectId&quot;:&quot;ac0262f4-8a9e-5820-b908-2d943c5f7113|1&quot;,&quot;ClassId&quot;:1073872969,&quot;Properties&quot;:[201342446,&quot;1&quot;,201342447,&quot;5&quot;,201342448,&quot;1&quot;,201342449,&quot;1&quot;,469777841,&quot;Aptos&quot;,469777842,&quot;&quot;,469777843,&quot;Aptos&quot;,469777844,&quot;Aptos&quot;,201341986,&quot;1&quot;,469769226,&quot;Aptos&quot;,268442635,&quot;24&quot;,469775450,&quot;normaltextrun&quot;,201340122,&quot;1&quot;,134233614,&quot;true&quot;,469778129,&quot;normaltextrun&quot;,335572020,&quot;1&quot;,469778324,&quot;Default Paragraph Font&quot;]}\">&#8211; 10\u202frokov\u202f<\/span><\/span><\/p>\n<\/div>\n<p><span style=\"font-weight: 400;\">\u010cas: 8.00 &#8211; 16.00 h<br \/>\n<\/span>Zameranie: <span class=\"TextRun Highlight SCXW148033052 BCX0\" lang=\"SK-SK\" xml:lang=\"SK-SK\" data-contrast=\"none\"><span class=\"NormalTextRun SCXW148033052 BCX0\" data-ccp-charstyle=\"normaltextrun\" data-ccp-charstyle-defn=\"{&quot;ObjectId&quot;:&quot;ac0262f4-8a9e-5820-b908-2d943c5f7113|1&quot;,&quot;ClassId&quot;:1073872969,&quot;Properties&quot;:[201342446,&quot;1&quot;,201342447,&quot;5&quot;,201342448,&quot;1&quot;,201342449,&quot;1&quot;,469777841,&quot;Aptos&quot;,469777842,&quot;&quot;,469777843,&quot;Aptos&quot;,469777844,&quot;Aptos&quot;,201341986,&quot;1&quot;,469769226,&quot;Aptos&quot;,268442635,&quot;24&quot;,469775450,&quot;normaltextrun&quot;,201340122,&quot;1&quot;,134233614,&quot;true&quot;,469778129,&quot;normaltextrun&quot;,335572020,&quot;1&quot;,469778324,&quot;Default Paragraph Font&quot;]}\"><span class=\"TextRun Highlight SCXW143758745 BCX0\" lang=\"SK-SK\" xml:lang=\"SK-SK\" data-contrast=\"none\"><span class=\"NormalTextRun SCXW143758745 BCX0\" data-ccp-charstyle=\"normaltextrun\" data-ccp-charstyle-defn=\"{&quot;ObjectId&quot;:&quot;ac0262f4-8a9e-5820-b908-2d943c5f7113|1&quot;,&quot;ClassId&quot;:1073872969,&quot;Properties&quot;:[201342446,&quot;1&quot;,201342447,&quot;5&quot;,201342448,&quot;1&quot;,201342449,&quot;1&quot;,469777841,&quot;Aptos&quot;,469777842,&quot;&quot;,469777843,&quot;Aptos&quot;,469777844,&quot;Aptos&quot;,201341986,&quot;1&quot;,469769226,&quot;Aptos&quot;,268442635,&quot;24&quot;,469775450,&quot;normaltextrun&quot;,201340122,&quot;1&quot;,134233614,&quot;true&quot;,469778129,&quot;normaltextrun&quot;,335572020,&quot;1&quot;,469778324,&quot;Default Paragraph Font&quot;]}\">\u202f<span class=\"TextRun Highlight SCXW196890549 BCX0\" lang=\"SK-SK\" xml:lang=\"SK-SK\" data-contrast=\"none\"><span class=\"NormalTextRun SCXW196890549 BCX0\" data-ccp-charstyle=\"normaltextrun\" data-ccp-charstyle-defn=\"{&quot;ObjectId&quot;:&quot;ac0262f4-8a9e-5820-b908-2d943c5f7113|1&quot;,&quot;ClassId&quot;:1073872969,&quot;Properties&quot;:[201342446,&quot;1&quot;,201342447,&quot;5&quot;,201342448,&quot;1&quot;,201342449,&quot;1&quot;,469777841,&quot;Aptos&quot;,469777842,&quot;&quot;,469777843,&quot;Aptos&quot;,469777844,&quot;Aptos&quot;,201341986,&quot;1&quot;,469769226,&quot;Aptos&quot;,268442635,&quot;24&quot;,469775450,&quot;normaltextrun&quot;,201340122,&quot;1&quot;,134233614,&quot;true&quot;,469778129,&quot;normaltextrun&quot;,335572020,&quot;1&quot;,469778324,&quot;Default Paragraph Font&quot;]}\"><span class=\"TextRun Highlight SCXW13769734 BCX0\" lang=\"SK-SK\" xml:lang=\"SK-SK\" data-contrast=\"none\"><span class=\"NormalTextRun SCXW13769734 BCX0\" data-ccp-charstyle=\"normaltextrun\" data-ccp-charstyle-defn=\"{&quot;ObjectId&quot;:&quot;ac0262f4-8a9e-5820-b908-2d943c5f7113|1&quot;,&quot;ClassId&quot;:1073872969,&quot;Properties&quot;:[201342446,&quot;1&quot;,201342447,&quot;5&quot;,201342448,&quot;1&quot;,201342449,&quot;1&quot;,469777841,&quot;Aptos&quot;,469777842,&quot;&quot;,469777843,&quot;Aptos&quot;,469777844,&quot;Aptos&quot;,201341986,&quot;1&quot;,469769226,&quot;Aptos&quot;,268442635,&quot;24&quot;,469775450,&quot;normaltextrun&quot;,201340122,&quot;1&quot;,134233614,&quot;true&quot;,469778129,&quot;normaltextrun&quot;,335572020,&quot;1&quot;,469778324,&quot;Default Paragraph Font&quot;]}\">pr\u00edrodn\u00e9, tvoriv\u00e9<\/span><\/span><span class=\"TextRun SCXW13769734 BCX0\" lang=\"SK-SK\" xml:lang=\"SK-SK\" data-contrast=\"none\"><span class=\"NormalTextRun SCXW13769734 BCX0\" data-ccp-charstyle=\"eop\" data-ccp-charstyle-defn=\"{&quot;ObjectId&quot;:&quot;920dbcde-2834-5e15-a5fa-062170b236ba|1&quot;,&quot;ClassId&quot;:1073872969,&quot;Properties&quot;:[201342446,&quot;1&quot;,201342447,&quot;5&quot;,201342448,&quot;1&quot;,201342449,&quot;1&quot;,469777841,&quot;Aptos&quot;,469777842,&quot;&quot;,469777843,&quot;Aptos&quot;,469777844,&quot;Aptos&quot;,201341986,&quot;1&quot;,469769226,&quot;Aptos&quot;,268442635,&quot;24&quot;,469775450,&quot;eop&quot;,201340122,&quot;1&quot;,134233614,&quot;true&quot;,469778129,&quot;eop&quot;,335572020,&quot;1&quot;,469778324,&quot;Default Paragraph Font&quot;]}\">\u202f<\/span><\/span><\/span><\/span><\/span><\/span><\/span><\/span><br \/>\n<span style=\"font-weight: 400;\">Lektorky: <span class=\"TextRun Highlight SCXW24179666 BCX0\" lang=\"SK-SK\" xml:lang=\"SK-SK\" data-contrast=\"none\"><span class=\"NormalTextRun SCXW24179666 BCX0\" data-ccp-charstyle=\"normaltextrun\" data-ccp-charstyle-defn=\"{&quot;ObjectId&quot;:&quot;ac0262f4-8a9e-5820-b908-2d943c5f7113|1&quot;,&quot;ClassId&quot;:1073872969,&quot;Properties&quot;:[201342446,&quot;1&quot;,201342447,&quot;5&quot;,201342448,&quot;1&quot;,201342449,&quot;1&quot;,469777841,&quot;Aptos&quot;,469777842,&quot;&quot;,469777843,&quot;Aptos&quot;,469777844,&quot;Aptos&quot;,201341986,&quot;1&quot;,469769226,&quot;Aptos&quot;,268442635,&quot;24&quot;,469775450,&quot;normaltextrun&quot;,201340122,&quot;1&quot;,134233614,&quot;true&quot;,469778129,&quot;normaltextrun&quot;,335572020,&quot;1&quot;,469778324,&quot;Default Paragraph Font&quot;]}\">\u202f<span class=\"TextRun Highlight SCXW242867986 BCX0\" lang=\"SK-SK\" xml:lang=\"SK-SK\" data-contrast=\"none\"><span class=\"NormalTextRun SCXW242867986 BCX0\" data-ccp-charstyle=\"normaltextrun\" data-ccp-charstyle-defn=\"{&quot;ObjectId&quot;:&quot;ac0262f4-8a9e-5820-b908-2d943c5f7113|1&quot;,&quot;ClassId&quot;:1073872969,&quot;Properties&quot;:[201342446,&quot;1&quot;,201342447,&quot;5&quot;,201342448,&quot;1&quot;,201342449,&quot;1&quot;,469777841,&quot;Aptos&quot;,469777842,&quot;&quot;,469777843,&quot;Aptos&quot;,469777844,&quot;Aptos&quot;,201341986,&quot;1&quot;,469769226,&quot;Aptos&quot;,268442635,&quot;24&quot;,469775450,&quot;normaltextrun&quot;,201340122,&quot;1&quot;,134233614,&quot;true&quot;,469778129,&quot;normaltextrun&quot;,335572020,&quot;1&quot;,469778324,&quot;Default Paragraph Font&quot;]}\">Barbora\u202f<\/span><span class=\"NormalTextRun SpellingErrorV2Themed SCXW242867986 BCX0\" data-ccp-charstyle=\"normaltextrun\">Chomov\u00e1<\/span><span class=\"NormalTextRun SCXW242867986 BCX0\" data-ccp-charstyle=\"normaltextrun\">,\u00a0<\/span><span class=\"NormalTextRun SpellingErrorV2Themed SCXW242867986 BCX0\" data-ccp-charstyle=\"normaltextrun\">permakult\u00farna<\/span><span class=\"NormalTextRun SCXW242867986 BCX0\" data-ccp-charstyle=\"normaltextrun\">\u00a0dizajn\u00e9rka a\u00a0<\/span><span class=\"NormalTextRun SCXW242867986 BCX0\" data-ccp-charstyle=\"normaltextrun\">Zuzana Novotn\u00e1<\/span><span class=\"NormalTextRun SCXW242867986 BCX0\" data-ccp-charstyle=\"normaltextrun\">, pedagogi\u010dka<\/span><\/span><span class=\"TextRun SCXW242867986 BCX0\" lang=\"SK-SK\" xml:lang=\"SK-SK\" data-contrast=\"none\"><span class=\"NormalTextRun SCXW242867986 BCX0\" data-ccp-charstyle=\"eop\" data-ccp-charstyle-defn=\"{&quot;ObjectId&quot;:&quot;920dbcde-2834-5e15-a5fa-062170b236ba|1&quot;,&quot;ClassId&quot;:1073872969,&quot;Properties&quot;:[201342446,&quot;1&quot;,201342447,&quot;5&quot;,201342448,&quot;1&quot;,201342449,&quot;1&quot;,469777841,&quot;Aptos&quot;,469777842,&quot;&quot;,469777843,&quot;Aptos&quot;,469777844,&quot;Aptos&quot;,201341986,&quot;1&quot;,469769226,&quot;Aptos&quot;,268442635,&quot;24&quot;,469775450,&quot;eop&quot;,201340122,&quot;1&quot;,134233614,&quot;true&quot;,469778129,&quot;eop&quot;,335572020,&quot;1&quot;,469778324,&quot;Default Paragraph Font&quot;]}\">\u202f\u202f<\/span><\/span><\/span><\/span><span class=\"EOP SCXW202633285 BCX0\" data-ccp-props=\"{&quot;201341983&quot;:0,&quot;335559739&quot;:0,&quot;335559740&quot;:240}\">\u00a0<\/span><\/span><\/p>\n<p>Kapacita: 15 det\u00ed<br \/>\nCena: 199 \u20ac<br \/>\n<span style=\"font-weight: 400;\"><span data-olk-copy-source=\"MessageBody\">V cene je zahrnut\u00e9: <span class=\"TextRun Highlight SCXW183067197 BCX0\" lang=\"SK-SK\" xml:lang=\"SK-SK\" data-contrast=\"none\"><span class=\"NormalTextRun SCXW183067197 BCX0\" data-ccp-charstyle=\"normaltextrun\" data-ccp-charstyle-defn=\"{&quot;ObjectId&quot;:&quot;ac0262f4-8a9e-5820-b908-2d943c5f7113|1&quot;,&quot;ClassId&quot;:1073872969,&quot;Properties&quot;:[201342446,&quot;1&quot;,201342447,&quot;5&quot;,201342448,&quot;1&quot;,201342449,&quot;1&quot;,469777841,&quot;Aptos&quot;,469777842,&quot;&quot;,469777843,&quot;Aptos&quot;,469777844,&quot;Aptos&quot;,201341986,&quot;1&quot;,469769226,&quot;Aptos&quot;,268442635,&quot;24&quot;,469775450,&quot;normaltextrun&quot;,201340122,&quot;1&quot;,134233614,&quot;true&quot;,469778129,&quot;normaltextrun&quot;,335572020,&quot;1&quot;,469778324,&quot;Default Paragraph Font&quot;]}\">program, desiata, obed, olovrant, pitn\u00fd re\u017eim, pom\u00f4cky.<\/span><\/span><\/span>\u00a0<\/span>[\/vc_column_text][\/vc_column][\/vc_row]<\/p>\n","protected":false},"featured_media":12238,"template":"","meta":{"inline_featured_image":false},"product_cat":[104],"product_tag":[],"class_list":{"0":"post-12159","1":"product","2":"type-product","3":"status-publish","4":"has-post-thumbnail","6":"product_cat-tabory-2026","8":"first","9":"instock","10":"virtual","11":"sold-individually","12":"purchasable","13":"product-type-simple"},"aioseo_notices":[],"_links":{"self":[{"href":"https:\/\/krasnesady.sk\/uk\/wp-json\/wp\/v2\/product\/12159","targetHints":{"allow":["GET"]}}],"collection":[{"href":"https:\/\/krasnesady.sk\/uk\/wp-json\/wp\/v2\/product"}],"about":[{"href":"https:\/\/krasnesady.sk\/uk\/wp-json\/wp\/v2\/types\/product"}],"wp:featuredmedia":[{"embeddable":true,"href":"https:\/\/krasnesady.sk\/uk\/wp-json\/wp\/v2\/media\/12238"}],"wp:attachment":[{"href":"https:\/\/krasnesady.sk\/uk\/wp-json\/wp\/v2\/media?parent=12159"}],"wp:term":[{"taxonomy":"product_cat","embeddable":true,"href":"https:\/\/krasnesady.sk\/uk\/wp-json\/wp\/v2\/product_cat?post=12159"},{"taxonomy":"product_tag","embeddable":true,"href":"https:\/\/krasnesady.sk\/uk\/wp-json\/wp\/v2\/product_tag?post=12159"}],"curies":[{"name":"wp","href":"https:\/\/api.w.org\/{rel}","templated":true}]}}