{"id":12163,"date":"2026-02-26T18:05:49","date_gmt":"2026-02-26T17:05:49","guid":{"rendered":"https:\/\/krasnesady.sk\/?post_type=product&#038;p=12163"},"modified":"2026-04-06T14:07:04","modified_gmt":"2026-04-06T12:07:04","slug":"20-17-21-augusta-2026-indianske-pierko","status":"publish","type":"product","link":"https:\/\/krasnesady.sk\/uk\/produkt\/20-17-21-augusta-2026-indianske-pierko\/","title":{"rendered":"20) 17. \u2013\u202f21. augusta\u202f2026 \u202fIndi\u00e1nske pierko\u202f"},"content":{"rendered":"","protected":false},"excerpt":{"rendered":"<p>[vc_row conditional_render=&#8221;%5B%7B%22value_role%22%3A%22administrator%22%7D%5D&#8221;][vc_column][vc_column_text el_class=&#8221;taborinfo&#8221;]<i><b>VEK:<\/b> 4 &#8211; 6 rokov \/ <b>ZAMERANIE: <\/b><span class=\"TextRun Highlight SCXW224364660 BCX0\" lang=\"SK-SK\" xml:lang=\"SK-SK\" data-contrast=\"none\"><span class=\"NormalTextRun SCXW224364660 BCX0\" data-ccp-charstyle=\"normaltextrun\" data-ccp-charstyle-defn=\"{&quot;ObjectId&quot;:&quot;ac0262f4-8a9e-5820-b908-2d943c5f7113|1&quot;,&quot;ClassId&quot;:1073872969,&quot;Properties&quot;:[201342446,&quot;1&quot;,201342447,&quot;5&quot;,201342448,&quot;1&quot;,201342449,&quot;1&quot;,469777841,&quot;Aptos&quot;,469777842,&quot;&quot;,469777843,&quot;Aptos&quot;,469777844,&quot;Aptos&quot;,201341986,&quot;1&quot;,469769226,&quot;Aptos&quot;,268442635,&quot;24&quot;,469775450,&quot;normaltextrun&quot;,201340122,&quot;1&quot;,134233614,&quot;true&quot;,469778129,&quot;normaltextrun&quot;,335572020,&quot;1&quot;,469778324,&quot;Default Paragraph Font&quot;]}\">pr\u00edrodn\u00e9, tvoriv\u00e9<\/span><\/span>\/ <b> KAPACITA:<\/b> 15 <\/i>[\/vc_column_text][\/vc_column][\/vc_row][vc_row wrap_container=&#8221;yes&#8221; conditional_render=&#8221;%5B%7B%22value_role%22%3A%22administrator%22%7D%5D&#8221;][vc_column][vc_column_text]<\/p>\n<p><span class=\"TextRun Highlight SCXW260306207 BCX0\" lang=\"SK-SK\" xml:lang=\"SK-SK\" data-contrast=\"none\"><span class=\"NormalTextRun SCXW260306207 BCX0\" data-ccp-charstyle=\"normaltextrun\" data-ccp-charstyle-defn=\"{&quot;ObjectId&quot;:&quot;ac0262f4-8a9e-5820-b908-2d943c5f7113|1&quot;,&quot;ClassId&quot;:1073872969,&quot;Properties&quot;:[201342446,&quot;1&quot;,201342447,&quot;5&quot;,201342448,&quot;1&quot;,201342449,&quot;1&quot;,469777841,&quot;Aptos&quot;,469777842,&quot;&quot;,469777843,&quot;Aptos&quot;,469777844,&quot;Aptos&quot;,201341986,&quot;1&quot;,469769226,&quot;Aptos&quot;,268442635,&quot;24&quot;,469775450,&quot;normaltextrun&quot;,201340122,&quot;1&quot;,134233614,&quot;true&quot;,469778129,&quot;normaltextrun&quot;,335572020,&quot;1&quot;,469778324,&quot;Default Paragraph Font&quot;]}\">Poz\u00fdvame\u202fv\u0161etky mal\u00e9 n\u00f4\u017eky na cestu do lesa, kde sa z det\u00ed stan\u00fa mal\u00ed\u202fIndi\u00e1ni a\u202fochrancovia pr\u00edrody. T\u00e1bor Indi\u00e1nske pierko bude pln\u00fd pohybu, hier, fant\u00e1zie a radosti z objavovania.<\/span><\/span><span class=\"TextRun SCXW260306207 BCX0\" lang=\"SK-SK\" xml:lang=\"SK-SK\" data-contrast=\"none\"><span class=\"NormalTextRun SCXW260306207 BCX0\" data-ccp-charstyle=\"eop\" data-ccp-charstyle-defn=\"{&quot;ObjectId&quot;:&quot;920dbcde-2834-5e15-a5fa-062170b236ba|1&quot;,&quot;ClassId&quot;:1073872969,&quot;Properties&quot;:[201342446,&quot;1&quot;,201342447,&quot;5&quot;,201342448,&quot;1&quot;,201342449,&quot;1&quot;,469777841,&quot;Aptos&quot;,469777842,&quot;&quot;,469777843,&quot;Aptos&quot;,469777844,&quot;Aptos&quot;,201341986,&quot;1&quot;,469769226,&quot;Aptos&quot;,268442635,&quot;24&quot;,469775450,&quot;eop&quot;,201340122,&quot;1&quot;,134233614,&quot;true&quot;,469778129,&quot;eop&quot;,335572020,&quot;1&quot;,469778324,&quot;Default Paragraph Font&quot;]}\">\u202f<\/span><\/span><span class=\"TextRun Highlight SCXW260306207 BCX0\" lang=\"SK-SK\" xml:lang=\"SK-SK\" data-contrast=\"none\"><span class=\"NormalTextRun SCXW260306207 BCX0\" data-ccp-charstyle=\"normaltextrun\">Deti sa hravou formou zozn\u00e1mia s\u202fpr\u00edrodou, nau\u010dia sa spolupracova\u0165, pom\u00e1ha\u0165 si a vn\u00edma\u0165 svet okolo seba v\u0161etk\u00fdmi zmyslami. Ka\u017ed\u00fd de\u0148 ich \u010dak\u00e1 nov\u00e1 \u201emisia\u201c\u202f-\u202fh\u013eadanie st\u00f4p zvierat, lesn\u00e1 v\u00fdprava, \u0161portov\u00e9 v\u00fdzvy \u010di tvorenie z pr\u00edrodn\u00edn.<\/span><\/span><span class=\"TextRun SCXW260306207 BCX0\" lang=\"SK-SK\" xml:lang=\"SK-SK\" data-contrast=\"none\"><span class=\"NormalTextRun SCXW260306207 BCX0\" data-ccp-charstyle=\"eop\">\u202f<\/span><\/span><span class=\"TextRun Highlight SCXW260306207 BCX0\" lang=\"SK-SK\" xml:lang=\"SK-SK\" data-contrast=\"none\"><span class=\"NormalTextRun SCXW260306207 BCX0\" data-ccp-charstyle=\"normaltextrun\">Nebud\u00fa ch\u00fdba\u0165 pr\u00edbehy, pokriky ani spolo\u010dn\u00e9 ritu\u00e1ly, ktor\u00e9 posilnia priate\u013estv\u00e1 a pocit spolupatri\u010dnosti. Za odvahu, oh\u013eaduplnos\u0165 a dobr\u00e9 skutky bud\u00fa deti zbiera\u0165 symbolick\u00e9 pierka do svojej \u010delenky.<\/span><\/span><span class=\"TextRun SCXW260306207 BCX0\" lang=\"SK-SK\" xml:lang=\"SK-SK\" data-contrast=\"none\"><span class=\"NormalTextRun SCXW260306207 BCX0\" data-ccp-charstyle=\"eop\">\u202f\u202f<\/span><\/span><span class=\"EOP SCXW260306207 BCX0\" data-ccp-props=\"{&quot;201341983&quot;:0,&quot;335559739&quot;:0,&quot;335559740&quot;:240}\">\u00a0<\/span><\/p>\n<div class=\"x_elementToProof\" data-ogsc=\"rgb(0, 0, 0)\" data-olk-copy-source=\"MessageBody\">\n<p>Vek: 4 <span class=\"TextRun Highlight SCXW44573294 BCX0\" lang=\"SK-SK\" xml:lang=\"SK-SK\" data-contrast=\"none\"><span class=\"NormalTextRun SCXW44573294 BCX0\" data-ccp-charstyle=\"normaltextrun\" data-ccp-charstyle-defn=\"{&quot;ObjectId&quot;:&quot;ac0262f4-8a9e-5820-b908-2d943c5f7113|1&quot;,&quot;ClassId&quot;:1073872969,&quot;Properties&quot;:[201342446,&quot;1&quot;,201342447,&quot;5&quot;,201342448,&quot;1&quot;,201342449,&quot;1&quot;,469777841,&quot;Aptos&quot;,469777842,&quot;&quot;,469777843,&quot;Aptos&quot;,469777844,&quot;Aptos&quot;,201341986,&quot;1&quot;,469769226,&quot;Aptos&quot;,268442635,&quot;24&quot;,469775450,&quot;normaltextrun&quot;,201340122,&quot;1&quot;,134233614,&quot;true&quot;,469778129,&quot;normaltextrun&quot;,335572020,&quot;1&quot;,469778324,&quot;Default Paragraph Font&quot;]}\">&#8211; 6\u202frokov\u202f<\/span><\/span><\/p>\n<\/div>\n<p><span style=\"font-weight: 400;\">\u010cas: 8.00 &#8211; 16.00 h<br \/>\n<\/span>Zameranie: <span class=\"TextRun Highlight SCXW148033052 BCX0\" lang=\"SK-SK\" xml:lang=\"SK-SK\" data-contrast=\"none\"><span class=\"NormalTextRun SCXW148033052 BCX0\" data-ccp-charstyle=\"normaltextrun\" data-ccp-charstyle-defn=\"{&quot;ObjectId&quot;:&quot;ac0262f4-8a9e-5820-b908-2d943c5f7113|1&quot;,&quot;ClassId&quot;:1073872969,&quot;Properties&quot;:[201342446,&quot;1&quot;,201342447,&quot;5&quot;,201342448,&quot;1&quot;,201342449,&quot;1&quot;,469777841,&quot;Aptos&quot;,469777842,&quot;&quot;,469777843,&quot;Aptos&quot;,469777844,&quot;Aptos&quot;,201341986,&quot;1&quot;,469769226,&quot;Aptos&quot;,268442635,&quot;24&quot;,469775450,&quot;normaltextrun&quot;,201340122,&quot;1&quot;,134233614,&quot;true&quot;,469778129,&quot;normaltextrun&quot;,335572020,&quot;1&quot;,469778324,&quot;Default Paragraph Font&quot;]}\"><span class=\"TextRun Highlight SCXW143758745 BCX0\" lang=\"SK-SK\" xml:lang=\"SK-SK\" data-contrast=\"none\"><span class=\"NormalTextRun SCXW143758745 BCX0\" data-ccp-charstyle=\"normaltextrun\" data-ccp-charstyle-defn=\"{&quot;ObjectId&quot;:&quot;ac0262f4-8a9e-5820-b908-2d943c5f7113|1&quot;,&quot;ClassId&quot;:1073872969,&quot;Properties&quot;:[201342446,&quot;1&quot;,201342447,&quot;5&quot;,201342448,&quot;1&quot;,201342449,&quot;1&quot;,469777841,&quot;Aptos&quot;,469777842,&quot;&quot;,469777843,&quot;Aptos&quot;,469777844,&quot;Aptos&quot;,201341986,&quot;1&quot;,469769226,&quot;Aptos&quot;,268442635,&quot;24&quot;,469775450,&quot;normaltextrun&quot;,201340122,&quot;1&quot;,134233614,&quot;true&quot;,469778129,&quot;normaltextrun&quot;,335572020,&quot;1&quot;,469778324,&quot;Default Paragraph Font&quot;]}\"><span class=\"TextRun Highlight SCXW196890549 BCX0\" lang=\"SK-SK\" xml:lang=\"SK-SK\" data-contrast=\"none\"><span class=\"NormalTextRun SCXW196890549 BCX0\" data-ccp-charstyle=\"normaltextrun\" data-ccp-charstyle-defn=\"{&quot;ObjectId&quot;:&quot;ac0262f4-8a9e-5820-b908-2d943c5f7113|1&quot;,&quot;ClassId&quot;:1073872969,&quot;Properties&quot;:[201342446,&quot;1&quot;,201342447,&quot;5&quot;,201342448,&quot;1&quot;,201342449,&quot;1&quot;,469777841,&quot;Aptos&quot;,469777842,&quot;&quot;,469777843,&quot;Aptos&quot;,469777844,&quot;Aptos&quot;,201341986,&quot;1&quot;,469769226,&quot;Aptos&quot;,268442635,&quot;24&quot;,469775450,&quot;normaltextrun&quot;,201340122,&quot;1&quot;,134233614,&quot;true&quot;,469778129,&quot;normaltextrun&quot;,335572020,&quot;1&quot;,469778324,&quot;Default Paragraph Font&quot;]}\"><span class=\"TextRun Highlight SCXW13769734 BCX0\" lang=\"SK-SK\" xml:lang=\"SK-SK\" data-contrast=\"none\"><span class=\"NormalTextRun SCXW13769734 BCX0\" data-ccp-charstyle=\"normaltextrun\" data-ccp-charstyle-defn=\"{&quot;ObjectId&quot;:&quot;ac0262f4-8a9e-5820-b908-2d943c5f7113|1&quot;,&quot;ClassId&quot;:1073872969,&quot;Properties&quot;:[201342446,&quot;1&quot;,201342447,&quot;5&quot;,201342448,&quot;1&quot;,201342449,&quot;1&quot;,469777841,&quot;Aptos&quot;,469777842,&quot;&quot;,469777843,&quot;Aptos&quot;,469777844,&quot;Aptos&quot;,201341986,&quot;1&quot;,469769226,&quot;Aptos&quot;,268442635,&quot;24&quot;,469775450,&quot;normaltextrun&quot;,201340122,&quot;1&quot;,134233614,&quot;true&quot;,469778129,&quot;normaltextrun&quot;,335572020,&quot;1&quot;,469778324,&quot;Default Paragraph Font&quot;]}\">pr\u00edrodn\u00e9, tvoriv\u00e9<\/span><\/span><span class=\"TextRun SCXW13769734 BCX0\" lang=\"SK-SK\" xml:lang=\"SK-SK\" data-contrast=\"none\"><span class=\"NormalTextRun SCXW13769734 BCX0\" data-ccp-charstyle=\"eop\" data-ccp-charstyle-defn=\"{&quot;ObjectId&quot;:&quot;920dbcde-2834-5e15-a5fa-062170b236ba|1&quot;,&quot;ClassId&quot;:1073872969,&quot;Properties&quot;:[201342446,&quot;1&quot;,201342447,&quot;5&quot;,201342448,&quot;1&quot;,201342449,&quot;1&quot;,469777841,&quot;Aptos&quot;,469777842,&quot;&quot;,469777843,&quot;Aptos&quot;,469777844,&quot;Aptos&quot;,201341986,&quot;1&quot;,469769226,&quot;Aptos&quot;,268442635,&quot;24&quot;,469775450,&quot;eop&quot;,201340122,&quot;1&quot;,134233614,&quot;true&quot;,469778129,&quot;eop&quot;,335572020,&quot;1&quot;,469778324,&quot;Default Paragraph Font&quot;]}\">\u202f<\/span><\/span><\/span><\/span><\/span><\/span><\/span><\/span><br \/>\n<span style=\"font-weight: 400;\">Lektorky:<span class=\"TextRun Highlight SCXW24179666 BCX0\" lang=\"SK-SK\" xml:lang=\"SK-SK\" data-contrast=\"none\"><span class=\"NormalTextRun SCXW24179666 BCX0\" data-ccp-charstyle=\"normaltextrun\" data-ccp-charstyle-defn=\"{&quot;ObjectId&quot;:&quot;ac0262f4-8a9e-5820-b908-2d943c5f7113|1&quot;,&quot;ClassId&quot;:1073872969,&quot;Properties&quot;:[201342446,&quot;1&quot;,201342447,&quot;5&quot;,201342448,&quot;1&quot;,201342449,&quot;1&quot;,469777841,&quot;Aptos&quot;,469777842,&quot;&quot;,469777843,&quot;Aptos&quot;,469777844,&quot;Aptos&quot;,201341986,&quot;1&quot;,469769226,&quot;Aptos&quot;,268442635,&quot;24&quot;,469775450,&quot;normaltextrun&quot;,201340122,&quot;1&quot;,134233614,&quot;true&quot;,469778129,&quot;normaltextrun&quot;,335572020,&quot;1&quot;,469778324,&quot;Default Paragraph Font&quot;]}\">\u202f<span class=\"TextRun Highlight SCXW8255075 BCX0\" lang=\"SK-SK\" xml:lang=\"SK-SK\" data-contrast=\"none\"><span class=\"NormalTextRun SCXW8255075 BCX0\" data-ccp-charstyle=\"normaltextrun\" data-ccp-charstyle-defn=\"{&quot;ObjectId&quot;:&quot;ac0262f4-8a9e-5820-b908-2d943c5f7113|1&quot;,&quot;ClassId&quot;:1073872969,&quot;Properties&quot;:[201342446,&quot;1&quot;,201342447,&quot;5&quot;,201342448,&quot;1&quot;,201342449,&quot;1&quot;,469777841,&quot;Aptos&quot;,469777842,&quot;&quot;,469777843,&quot;Aptos&quot;,469777844,&quot;Aptos&quot;,201341986,&quot;1&quot;,469769226,&quot;Aptos&quot;,268442635,&quot;24&quot;,469775450,&quot;normaltextrun&quot;,201340122,&quot;1&quot;,134233614,&quot;true&quot;,469778129,&quot;normaltextrun&quot;,335572020,&quot;1&quot;,469778324,&quot;Default Paragraph Font&quot;]}\">Danka\u202f<\/span><span class=\"NormalTextRun SpellingErrorV2Themed SCXW8255075 BCX0\" data-ccp-charstyle=\"normaltextrun\">Ma\u010d\u00e1kov\u00e1<\/span><span class=\"NormalTextRun SCXW8255075 BCX0\" data-ccp-charstyle=\"normaltextrun\">, Anna M\u00e1ria\u202f<\/span><span class=\"NormalTextRun SpellingErrorV2Themed SCXW8255075 BCX0\" data-ccp-charstyle=\"normaltextrun\">Mil\u00e1\u010dkov\u00e1<\/span><span class=\"NormalTextRun SCXW8255075 BCX0\" data-ccp-charstyle=\"normaltextrun\">, pedagogi\u010dky z\u202fKr\u00e1snych Sadov<\/span><\/span><span class=\"TextRun SCXW8255075 BCX0\" lang=\"SK-SK\" xml:lang=\"SK-SK\" data-contrast=\"none\"><span class=\"NormalTextRun SCXW8255075 BCX0\" data-ccp-charstyle=\"eop\" data-ccp-charstyle-defn=\"{&quot;ObjectId&quot;:&quot;920dbcde-2834-5e15-a5fa-062170b236ba|1&quot;,&quot;ClassId&quot;:1073872969,&quot;Properties&quot;:[201342446,&quot;1&quot;,201342447,&quot;5&quot;,201342448,&quot;1&quot;,201342449,&quot;1&quot;,469777841,&quot;Aptos&quot;,469777842,&quot;&quot;,469777843,&quot;Aptos&quot;,469777844,&quot;Aptos&quot;,201341986,&quot;1&quot;,469769226,&quot;Aptos&quot;,268442635,&quot;24&quot;,469775450,&quot;eop&quot;,201340122,&quot;1&quot;,134233614,&quot;true&quot;,469778129,&quot;eop&quot;,335572020,&quot;1&quot;,469778324,&quot;Default Paragraph Font&quot;]}\">\u202f<\/span><\/span><span class=\"TextRun SCXW242867986 BCX0\" lang=\"SK-SK\" xml:lang=\"SK-SK\" data-contrast=\"none\"><span class=\"NormalTextRun SCXW242867986 BCX0\" data-ccp-charstyle=\"eop\" data-ccp-charstyle-defn=\"{&quot;ObjectId&quot;:&quot;920dbcde-2834-5e15-a5fa-062170b236ba|1&quot;,&quot;ClassId&quot;:1073872969,&quot;Properties&quot;:[201342446,&quot;1&quot;,201342447,&quot;5&quot;,201342448,&quot;1&quot;,201342449,&quot;1&quot;,469777841,&quot;Aptos&quot;,469777842,&quot;&quot;,469777843,&quot;Aptos&quot;,469777844,&quot;Aptos&quot;,201341986,&quot;1&quot;,469769226,&quot;Aptos&quot;,268442635,&quot;24&quot;,469775450,&quot;eop&quot;,201340122,&quot;1&quot;,134233614,&quot;true&quot;,469778129,&quot;eop&quot;,335572020,&quot;1&quot;,469778324,&quot;Default Paragraph Font&quot;]}\">\u202f<\/span><\/span><\/span><\/span><span class=\"EOP SCXW202633285 BCX0\" data-ccp-props=\"{&quot;201341983&quot;:0,&quot;335559739&quot;:0,&quot;335559740&quot;:240}\">\u00a0<\/span><\/span><\/p>\n<p>Kapacita: 15 det\u00ed<br \/>\nCena: 199 \u20ac<br \/>\n<span style=\"font-weight: 400;\"><span data-olk-copy-source=\"MessageBody\">V cene je zahrnut\u00e9: <span class=\"TextRun Highlight SCXW183067197 BCX0\" lang=\"SK-SK\" xml:lang=\"SK-SK\" data-contrast=\"none\"><span class=\"NormalTextRun SCXW183067197 BCX0\" data-ccp-charstyle=\"normaltextrun\" data-ccp-charstyle-defn=\"{&quot;ObjectId&quot;:&quot;ac0262f4-8a9e-5820-b908-2d943c5f7113|1&quot;,&quot;ClassId&quot;:1073872969,&quot;Properties&quot;:[201342446,&quot;1&quot;,201342447,&quot;5&quot;,201342448,&quot;1&quot;,201342449,&quot;1&quot;,469777841,&quot;Aptos&quot;,469777842,&quot;&quot;,469777843,&quot;Aptos&quot;,469777844,&quot;Aptos&quot;,201341986,&quot;1&quot;,469769226,&quot;Aptos&quot;,268442635,&quot;24&quot;,469775450,&quot;normaltextrun&quot;,201340122,&quot;1&quot;,134233614,&quot;true&quot;,469778129,&quot;normaltextrun&quot;,335572020,&quot;1&quot;,469778324,&quot;Default Paragraph Font&quot;]}\">program, desiata, obed, olovrant, pitn\u00fd re\u017eim, pom\u00f4cky.<\/span><\/span><\/span>\u00a0<\/span>[\/vc_column_text][\/vc_column][\/vc_row]<\/p>\n","protected":false},"featured_media":12164,"template":"","meta":{"inline_featured_image":false},"product_cat":[104],"product_tag":[],"class_list":{"0":"post-12163","1":"product","2":"type-product","3":"status-publish","4":"has-post-thumbnail","6":"product_cat-tabory-2026","8":"first","9":"instock","10":"virtual","11":"sold-individually","12":"purchasable","13":"product-type-simple"},"aioseo_notices":[],"_links":{"self":[{"href":"https:\/\/krasnesady.sk\/uk\/wp-json\/wp\/v2\/product\/12163","targetHints":{"allow":["GET"]}}],"collection":[{"href":"https:\/\/krasnesady.sk\/uk\/wp-json\/wp\/v2\/product"}],"about":[{"href":"https:\/\/krasnesady.sk\/uk\/wp-json\/wp\/v2\/types\/product"}],"wp:featuredmedia":[{"embeddable":true,"href":"https:\/\/krasnesady.sk\/uk\/wp-json\/wp\/v2\/media\/12164"}],"wp:attachment":[{"href":"https:\/\/krasnesady.sk\/uk\/wp-json\/wp\/v2\/media?parent=12163"}],"wp:term":[{"taxonomy":"product_cat","embeddable":true,"href":"https:\/\/krasnesady.sk\/uk\/wp-json\/wp\/v2\/product_cat?post=12163"},{"taxonomy":"product_tag","embeddable":true,"href":"https:\/\/krasnesady.sk\/uk\/wp-json\/wp\/v2\/product_tag?post=12163"}],"curies":[{"name":"wp","href":"https:\/\/api.w.org\/{rel}","templated":true}]}}